{"id":3658,"date":"2026-04-05T14:29:56","date_gmt":"2026-04-05T12:29:56","guid":{"rendered":"https:\/\/pokehits.es\/?post_type=product&#038;p=3658"},"modified":"2026-04-05T14:29:56","modified_gmt":"2026-04-05T12:29:56","slug":"mystery-box-epica","status":"publish","type":"product","link":"https:\/\/pokehits.es\/?product=mystery-box-epica","title":{"rendered":"Mystery Box \u00c9pica"},"content":{"rendered":"","protected":false},"excerpt":{"rendered":"<p>Descubre la emoci\u00f3n de lo desconocido con nuestro <em data-start=\"304\" data-end=\"318\">Mystery Pack<\/em> de Pok\u00e9mon. Cada pack contiene una selecci\u00f3n sorpresa de productos oficiales sellados, que pueden incluir cualquier tipo de articulo. Nunca sabr\u00e1s qu\u00e9 te tocar\u00e1\u2026 pero siempre ser\u00e1 aut\u00e9ntico y lleno de potencial. \u00bfEncontrar\u00e1s esa carta que est\u00e1s buscando?<\/p>\n<p>&nbsp;<\/p>\n","protected":false},"featured_media":3653,"comment_status":"open","ping_status":"closed","template":"","meta":{"_monsterinsights_skip_tracking":false,"_monsterinsights_sitenote_active":false,"_monsterinsights_sitenote_note":"","_monsterinsights_sitenote_category":0,"_joinchat":[]},"product_brand":[],"product_cat":[213,26],"product_tag":[],"class_list":{"0":"post-3658","1":"product","2":"type-product","3":"status-publish","4":"has-post-thumbnail","6":"product_cat-mystery-box","7":"product_cat-pokemon","9":"first","10":"instock","11":"purchasable","12":"product-type-simple"},"featured_image_urls_v2":{"full":["https:\/\/pokehits.es\/wp-content\/uploads\/2026\/04\/bvbvbvb.png",1080,1080,false],"thumbnail":["https:\/\/pokehits.es\/wp-content\/uploads\/2026\/04\/bvbvbvb-150x150.png",150,150,true],"medium":["https:\/\/pokehits.es\/wp-content\/uploads\/2026\/04\/bvbvbvb-300x300.png",300,300,true],"medium_large":["https:\/\/pokehits.es\/wp-content\/uploads\/2026\/04\/bvbvbvb-768x768.png",768,768,true],"large":["https:\/\/pokehits.es\/wp-content\/uploads\/2026\/04\/bvbvbvb-1024x1024.png",1024,1024,true],"1536x1536":["https:\/\/pokehits.es\/wp-content\/uploads\/2026\/04\/bvbvbvb.png",1080,1080,false],"2048x2048":["https:\/\/pokehits.es\/wp-content\/uploads\/2026\/04\/bvbvbvb.png",1080,1080,false],"woocommerce_archive_thumbnail":["https:\/\/pokehits.es\/wp-content\/uploads\/2026\/04\/bvbvbvb-500x500.png",500,500,true],"woocommerce_thumbnail":["https:\/\/pokehits.es\/wp-content\/uploads\/2026\/04\/bvbvbvb-300x300.png",300,300,true],"woocommerce_single":["https:\/\/pokehits.es\/wp-content\/uploads\/2026\/04\/bvbvbvb-600x600.png",600,600,true],"woocommerce_gallery_thumbnail":["https:\/\/pokehits.es\/wp-content\/uploads\/2026\/04\/bvbvbvb-100x100.png",100,100,true]},"post_excerpt_stackable_v2":"<p>Descubre la emoci\u00f3n de lo desconocido con nuestro <em data-start=\"304\" data-end=\"318\">Mystery Pack<\/em> de Pok\u00e9mon. Cada pack contiene una selecci\u00f3n sorpresa de productos oficiales sellados, que pueden incluir cualquier tipo de articulo. Nunca sabr\u00e1s qu\u00e9 te tocar\u00e1\u2026 pero siempre ser\u00e1 aut\u00e9ntico y lleno de potencial. \u00bfEncontrar\u00e1s esa carta que est\u00e1s buscando?<\/p>\n<p>&nbsp;<\/p>\n","category_list_v2":"","author_info_v2":{"name":"","url":""},"comments_num_v2":"0 comentarios","_links":{"self":[{"href":"https:\/\/pokehits.es\/index.php?rest_route=\/wp\/v2\/product\/3658","targetHints":{"allow":["GET"]}}],"collection":[{"href":"https:\/\/pokehits.es\/index.php?rest_route=\/wp\/v2\/product"}],"about":[{"href":"https:\/\/pokehits.es\/index.php?rest_route=\/wp\/v2\/types\/product"}],"replies":[{"embeddable":true,"href":"https:\/\/pokehits.es\/index.php?rest_route=%2Fwp%2Fv2%2Fcomments&post=3658"}],"wp:featuredmedia":[{"embeddable":true,"href":"https:\/\/pokehits.es\/index.php?rest_route=\/wp\/v2\/media\/3653"}],"wp:attachment":[{"href":"https:\/\/pokehits.es\/index.php?rest_route=%2Fwp%2Fv2%2Fmedia&parent=3658"}],"wp:term":[{"taxonomy":"product_brand","embeddable":true,"href":"https:\/\/pokehits.es\/index.php?rest_route=%2Fwp%2Fv2%2Fproduct_brand&post=3658"},{"taxonomy":"product_cat","embeddable":true,"href":"https:\/\/pokehits.es\/index.php?rest_route=%2Fwp%2Fv2%2Fproduct_cat&post=3658"},{"taxonomy":"product_tag","embeddable":true,"href":"https:\/\/pokehits.es\/index.php?rest_route=%2Fwp%2Fv2%2Fproduct_tag&post=3658"}],"curies":[{"name":"wp","href":"https:\/\/api.w.org\/{rel}","templated":true}]}}