{"id":3517,"date":"2026-03-01T10:15:13","date_gmt":"2026-03-01T09:15:13","guid":{"rendered":"https:\/\/pokehits.es\/?post_type=product&#038;p=3517"},"modified":"2026-04-23T17:22:48","modified_gmt":"2026-04-23T15:22:48","slug":"umbreon-card-frame","status":"publish","type":"product","link":"https:\/\/pokehits.es\/?product=umbreon-card-frame","title":{"rendered":"Umbreon Card Frame"},"content":{"rendered":"<p><span style=\"color: #000000;\">La <strong data-start=\"483\" data-end=\"513\">Umbreon Card Frame (Chino)<\/strong> es una caja regalo oficial del juego de cartas coleccionables <strong data-start=\"576\" data-end=\"591\">Pok\u00e9mon TCG<\/strong> pensada para fans del elegante Pok\u00e9mon de tipo Siniestro: <strong data-start=\"650\" data-end=\"691\"><span class=\"hover:entity-accent entity-underline inline cursor-pointer align-baseline\"><span class=\"whitespace-normal\">Umbreon<\/span><\/span><\/strong>. Esta edici\u00f3n combina elementos de colecci\u00f3n y exhibici\u00f3n, permiti\u00e9ndote tanto abrir cartas nuevas como mostrar tus favoritas en un marco tem\u00e1tico espectacular.<\/span><\/p>\n","protected":false},"excerpt":{"rendered":"<p data-start=\"938\" data-end=\"980\"><span style=\"color: #000000;\">La <strong data-start=\"941\" data-end=\"971\">Umbreon Card Frame (Chino)<\/strong> incluye:<\/span><\/p>\n<ul data-start=\"982\" data-end=\"1483\">\n<li data-start=\"982\" data-end=\"1120\">\n<p data-start=\"984\" data-end=\"1120\"><span style=\"color: #000000;\"><strong data-start=\"988\" data-end=\"1031\">1x Marco expositor tem\u00e1tico de Umbreon:<\/strong> dise\u00f1ado para exhibir tu carta favorita del TCG.<\/span><\/p>\n<\/li>\n<li data-start=\"1121\" data-end=\"1317\">\n<p data-start=\"1123\" data-end=\"1317\"><span style=\"color: #000000;\"><strong data-start=\"1126\" data-end=\"1177\">1x Sobre Jumbo \u201cNine Colors Gathering\u201d (CS4aC):<\/strong> contiene 25 cartas impresas en <strong data-start=\"1209\" data-end=\"1231\">chino simplificado<\/strong>, pertenecientes a series como <em data-start=\"1262\" data-end=\"1276\">Eevee Heroes<\/em>.<\/span><\/p>\n<\/li>\n<li data-start=\"1318\" data-end=\"1483\">\n<p data-start=\"1320\" data-end=\"1483\"><span style=\"color: #000000;\"><strong data-start=\"1323\" data-end=\"1386\">1x Sobre de refuerzo est\u00e1ndar \u201cFinal Flame Dance\u201d (CS4.5C):<\/strong> contiene 6 cartas, incluido posible contenido hologr\u00e1fico.<\/span><\/p>\n<\/li>\n<\/ul>\n","protected":false},"featured_media":3518,"comment_status":"open","ping_status":"closed","template":"","meta":{"_monsterinsights_skip_tracking":false,"_monsterinsights_sitenote_active":false,"_monsterinsights_sitenote_note":"","_monsterinsights_sitenote_category":0,"_joinchat":[]},"product_brand":[],"product_cat":[175,195,26],"product_tag":[],"class_list":{"0":"post-3517","1":"product","2":"type-product","3":"status-publish","4":"has-post-thumbnail","6":"product_cat-cajas-japonesas","7":"product_cat-evolving-skies","8":"product_cat-pokemon","10":"first","11":"outofstock","12":"sale","13":"purchasable","14":"product-type-simple"},"featured_image_urls_v2":{"full":["https:\/\/pokehits.es\/wp-content\/uploads\/2026\/03\/Textoppp.png",1080,1080,false],"thumbnail":["https:\/\/pokehits.es\/wp-content\/uploads\/2026\/03\/Textoppp-150x150.png",150,150,true],"medium":["https:\/\/pokehits.es\/wp-content\/uploads\/2026\/03\/Textoppp-300x300.png",300,300,true],"medium_large":["https:\/\/pokehits.es\/wp-content\/uploads\/2026\/03\/Textoppp-768x768.png",768,768,true],"large":["https:\/\/pokehits.es\/wp-content\/uploads\/2026\/03\/Textoppp-1024x1024.png",1024,1024,true],"1536x1536":["https:\/\/pokehits.es\/wp-content\/uploads\/2026\/03\/Textoppp.png",1080,1080,false],"2048x2048":["https:\/\/pokehits.es\/wp-content\/uploads\/2026\/03\/Textoppp.png",1080,1080,false],"woocommerce_archive_thumbnail":["https:\/\/pokehits.es\/wp-content\/uploads\/2026\/03\/Textoppp-500x500.png",500,500,true],"woocommerce_thumbnail":["https:\/\/pokehits.es\/wp-content\/uploads\/2026\/03\/Textoppp-300x300.png",300,300,true],"woocommerce_single":["https:\/\/pokehits.es\/wp-content\/uploads\/2026\/03\/Textoppp-600x600.png",600,600,true],"woocommerce_gallery_thumbnail":["https:\/\/pokehits.es\/wp-content\/uploads\/2026\/03\/Textoppp-100x100.png",100,100,true]},"post_excerpt_stackable_v2":"<p data-start=\"938\" data-end=\"980\"><span style=\"color: #000000;\">La <strong data-start=\"941\" data-end=\"971\">Umbreon Card Frame (Chino)<\/strong> incluye:<\/span><\/p>\n<ul data-start=\"982\" data-end=\"1483\">\n<li data-start=\"982\" data-end=\"1120\">\n<p data-start=\"984\" data-end=\"1120\"><span style=\"color: #000000;\"><strong data-start=\"988\" data-end=\"1031\">1x Marco expositor tem\u00e1tico de Umbreon:<\/strong> dise\u00f1ado para exhibir tu carta favorita del TCG.<\/span><\/p>\n<\/li>\n<li data-start=\"1121\" data-end=\"1317\">\n<p data-start=\"1123\" data-end=\"1317\"><span style=\"color: #000000;\"><strong data-start=\"1126\" data-end=\"1177\">1x Sobre Jumbo \u201cNine Colors Gathering\u201d (CS4aC):<\/strong> contiene 25 cartas impresas en <strong data-start=\"1209\" data-end=\"1231\">chino simplificado<\/strong>, pertenecientes a series como <em data-start=\"1262\" data-end=\"1276\">Eevee Heroes<\/em>.<\/span><\/p>\n<\/li>\n<li data-start=\"1318\" data-end=\"1483\">\n<p data-start=\"1320\" data-end=\"1483\"><span style=\"color: #000000;\"><strong data-start=\"1323\" data-end=\"1386\">1x Sobre de refuerzo est\u00e1ndar \u201cFinal Flame Dance\u201d (CS4.5C):<\/strong> contiene 6 cartas, incluido posible contenido hologr\u00e1fico.<\/span><\/p>\n<\/li>\n<\/ul>\n","category_list_v2":"","author_info_v2":{"name":"","url":""},"comments_num_v2":"0 comentarios","_links":{"self":[{"href":"https:\/\/pokehits.es\/index.php?rest_route=\/wp\/v2\/product\/3517","targetHints":{"allow":["GET"]}}],"collection":[{"href":"https:\/\/pokehits.es\/index.php?rest_route=\/wp\/v2\/product"}],"about":[{"href":"https:\/\/pokehits.es\/index.php?rest_route=\/wp\/v2\/types\/product"}],"replies":[{"embeddable":true,"href":"https:\/\/pokehits.es\/index.php?rest_route=%2Fwp%2Fv2%2Fcomments&post=3517"}],"wp:featuredmedia":[{"embeddable":true,"href":"https:\/\/pokehits.es\/index.php?rest_route=\/wp\/v2\/media\/3518"}],"wp:attachment":[{"href":"https:\/\/pokehits.es\/index.php?rest_route=%2Fwp%2Fv2%2Fmedia&parent=3517"}],"wp:term":[{"taxonomy":"product_brand","embeddable":true,"href":"https:\/\/pokehits.es\/index.php?rest_route=%2Fwp%2Fv2%2Fproduct_brand&post=3517"},{"taxonomy":"product_cat","embeddable":true,"href":"https:\/\/pokehits.es\/index.php?rest_route=%2Fwp%2Fv2%2Fproduct_cat&post=3517"},{"taxonomy":"product_tag","embeddable":true,"href":"https:\/\/pokehits.es\/index.php?rest_route=%2Fwp%2Fv2%2Fproduct_tag&post=3517"}],"curies":[{"name":"wp","href":"https:\/\/api.w.org\/{rel}","templated":true}]}}