{"id":3491,"date":"2026-03-01T00:33:55","date_gmt":"2026-02-28T23:33:55","guid":{"rendered":"https:\/\/pokehits.es\/?post_type=product&#038;p=3491"},"modified":"2026-04-17T10:07:31","modified_gmt":"2026-04-17T08:07:31","slug":"booster-box-brave-stars-lucario","status":"publish","type":"product","link":"https:\/\/pokehits.es\/?product=booster-box-brave-stars-lucario","title":{"rendered":"Booster Box Brave Stars &#8211; Lucario"},"content":{"rendered":"<p><span style=\"color: #000000;\">La <strong data-start=\"141\" data-end=\"195\">Caja <em data-start=\"148\" data-end=\"171\">Brave Stars \u2013 Lucario<\/em> en chino simplificado<\/strong> es un <strong data-start=\"202\" data-end=\"263\">Booster Box oficial del <em data-start=\"228\" data-end=\"261\">Pok\u00e9mon Trading Card Game (TCG)<\/em><\/strong> correspondiente a la expansi\u00f3n <strong data-start=\"295\" data-end=\"336\"><span class=\"hover:entity-accent entity-underline inline cursor-pointer align-baseline\"><span class=\"whitespace-normal\">Brave Stars<\/span><\/span><\/strong> (conocida como <em data-start=\"352\" data-end=\"359\">CS5bC<\/em> en la edici\u00f3n china) dentro de la era <em data-start=\"398\" data-end=\"414\">Sword &amp; Shield<\/em>. Esta versi\u00f3n se lanza en <strong data-start=\"441\" data-end=\"470\">idioma chino simplificado<\/strong> y pone en primer plano a <strong data-start=\"496\" data-end=\"507\">Lucario<\/strong>, con ilustraciones atractivas, cartas de gran rareza y contenido con variantes exclusivas para el mercado de China continental. La tem\u00e1tica del set incluye Pok\u00e9mon de tipo hierba, agua, lucha y metal, adem\u00e1s de cartas \u00fanicas redise\u00f1adas para cumplir las normativas locales, lo que a\u00f1ade valor de colecci\u00f3n internacional a tu baraja sellada.<\/span><\/p>\n","protected":false},"excerpt":{"rendered":"<p data-start=\"1197\" data-end=\"1238\"><span style=\"color: #000000;\"><strong data-start=\"1204\" data-end=\"1236\">\u00bfQu\u00e9 incluye esta caja Slim?<\/strong><\/span><\/p>\n<ul data-start=\"1239\" data-end=\"2571\">\n<li data-start=\"1239\" data-end=\"1486\">\n<p data-start=\"1241\" data-end=\"1486\"><span style=\"color: #000000;\"><strong data-start=\"1244\" data-end=\"1290\">1 Booster Box <em data-start=\"1260\" data-end=\"1288\">Brave Stars \u2013 Lucario Slim<\/em><\/strong> en chino simplificado, completamente sellada.<\/span><\/p>\n<\/li>\n<li data-start=\"1487\" data-end=\"1752\">\n<p data-start=\"1489\" data-end=\"1752\"><span style=\"color: #000000;\"><strong data-start=\"1492\" data-end=\"1515\">15 sobres oficiales<\/strong>, cada sobre con <strong data-start=\"1532\" data-end=\"1544\">5 cartas<\/strong>, sumando aproximadamente <strong data-start=\"1570\" data-end=\"1601\">75 cartas en total por caja<\/strong>. (<a class=\"decorated-link cursor-pointer\" style=\"color: #000000;\" target=\"_new\" rel=\"noopener\" data-start=\"1604\" data-end=\"1749\">poketexastcg.com<\/a>)<\/span><\/p>\n<\/li>\n<li data-start=\"1753\" data-end=\"2010\">\n<p data-start=\"1755\" data-end=\"2010\"><span style=\"color: #000000;\"><strong data-start=\"1758\" data-end=\"1788\">Cartas de diversas rarezas<\/strong>, incluyendo Pok\u00e9mon V y VSTAR, entrenadores, cartas hologr\u00e1ficas y variantes exclusivas para China.\u00a0<\/span><\/p>\n<\/li>\n<li data-start=\"2011\" data-end=\"2294\">\n<p data-start=\"2013\" data-end=\"2294\"><span style=\"color: #000000;\"><strong data-start=\"2016\" data-end=\"2052\">Arte \u00fanico para la edici\u00f3n china<\/strong>, con ilustraciones exclusivas que no aparecen en las versiones japonesa, inglesa o coreana. (<a class=\"decorated-link cursor-pointer\" style=\"color: #000000;\" target=\"_new\" rel=\"noopener\" data-start=\"2146\" data-end=\"2291\">poketexastcg.com<\/a>)<\/span><\/p>\n<\/li>\n<li data-start=\"2295\" data-end=\"2571\">\n<p data-start=\"2297\" data-end=\"2571\"><span style=\"color: #000000;\"><strong data-start=\"2300\" data-end=\"2333\">Edici\u00f3n en chino simplificado<\/strong>, ideal para coleccionistas que buscan ampliar su colecci\u00f3n con variantes internacionales.<\/span><\/p>\n<\/li>\n<\/ul>\n<p data-start=\"1896\" data-end=\"2081\"><span style=\"color: #000000;\">\u2666 En esta caja podr\u00e1s obtener algunas de las mejores ilustraciones de <em><strong>Vstar Universe, Astral Radiance, Zenith Supreme <\/strong><\/em>y <em><strong>Brilliant Stars.<\/strong><\/em><\/span><\/p>\n","protected":false},"featured_media":3492,"comment_status":"open","ping_status":"closed","template":"","meta":{"_monsterinsights_skip_tracking":false,"_monsterinsights_sitenote_active":false,"_monsterinsights_sitenote_note":"","_monsterinsights_sitenote_category":0,"_joinchat":[]},"product_brand":[],"product_cat":[199,200,175,26,194,197],"product_tag":[],"class_list":{"0":"post-3491","1":"product","2":"type-product","3":"status-publish","4":"has-post-thumbnail","6":"product_cat-astral-radiance","7":"product_cat-brilliant-stars","8":"product_cat-cajas-japonesas","9":"product_cat-pokemon","10":"product_cat-v-star","11":"product_cat-zenith-supreme","13":"first","14":"outofstock","15":"sale","16":"purchasable","17":"product-type-simple"},"featured_image_urls_v2":{"full":["https:\/\/pokehits.es\/wp-content\/uploads\/2026\/03\/ccvcv.png",1080,1080,false],"thumbnail":["https:\/\/pokehits.es\/wp-content\/uploads\/2026\/03\/ccvcv-150x150.png",150,150,true],"medium":["https:\/\/pokehits.es\/wp-content\/uploads\/2026\/03\/ccvcv-300x300.png",300,300,true],"medium_large":["https:\/\/pokehits.es\/wp-content\/uploads\/2026\/03\/ccvcv-768x768.png",768,768,true],"large":["https:\/\/pokehits.es\/wp-content\/uploads\/2026\/03\/ccvcv-1024x1024.png",1024,1024,true],"1536x1536":["https:\/\/pokehits.es\/wp-content\/uploads\/2026\/03\/ccvcv.png",1080,1080,false],"2048x2048":["https:\/\/pokehits.es\/wp-content\/uploads\/2026\/03\/ccvcv.png",1080,1080,false],"woocommerce_archive_thumbnail":["https:\/\/pokehits.es\/wp-content\/uploads\/2026\/03\/ccvcv-500x500.png",500,500,true],"woocommerce_thumbnail":["https:\/\/pokehits.es\/wp-content\/uploads\/2026\/03\/ccvcv-300x300.png",300,300,true],"woocommerce_single":["https:\/\/pokehits.es\/wp-content\/uploads\/2026\/03\/ccvcv-600x600.png",600,600,true],"woocommerce_gallery_thumbnail":["https:\/\/pokehits.es\/wp-content\/uploads\/2026\/03\/ccvcv-100x100.png",100,100,true]},"post_excerpt_stackable_v2":"<p data-start=\"1197\" data-end=\"1238\"><span style=\"color: #000000;\"><strong data-start=\"1204\" data-end=\"1236\">\u00bfQu\u00e9 incluye esta caja Slim?<\/strong><\/span><\/p>\n<ul data-start=\"1239\" data-end=\"2571\">\n<li data-start=\"1239\" data-end=\"1486\">\n<p data-start=\"1241\" data-end=\"1486\"><span style=\"color: #000000;\"><strong data-start=\"1244\" data-end=\"1290\">1 Booster Box <em data-start=\"1260\" data-end=\"1288\">Brave Stars \u2013 Lucario Slim<\/em><\/strong> en chino simplificado, completamente sellada.<\/span><\/p>\n<\/li>\n<li data-start=\"1487\" data-end=\"1752\">\n<p data-start=\"1489\" data-end=\"1752\"><span style=\"color: #000000;\"><strong data-start=\"1492\" data-end=\"1515\">15 sobres oficiales<\/strong>, cada sobre con <strong data-start=\"1532\" data-end=\"1544\">5 cartas<\/strong>, sumando aproximadamente <strong data-start=\"1570\" data-end=\"1601\">75 cartas en total por caja<\/strong>. (<a class=\"decorated-link cursor-pointer\" style=\"color: #000000;\" target=\"_new\" rel=\"noopener\" data-start=\"1604\" data-end=\"1749\">poketexastcg.com<\/a>)<\/span><\/p>\n<\/li>\n<li data-start=\"1753\" data-end=\"2010\">\n<p data-start=\"1755\" data-end=\"2010\"><span style=\"color: #000000;\"><strong data-start=\"1758\" data-end=\"1788\">Cartas de diversas rarezas<\/strong>, incluyendo Pok\u00e9mon V y VSTAR, entrenadores, cartas hologr\u00e1ficas y variantes exclusivas para China.\u00a0<\/span><\/p>\n<\/li>\n<li data-start=\"2011\" data-end=\"2294\">\n<p data-start=\"2013\" data-end=\"2294\"><span style=\"color: #000000;\"><strong data-start=\"2016\" data-end=\"2052\">Arte \u00fanico para la edici\u00f3n china<\/strong>, con ilustraciones exclusivas que no aparecen en las versiones japonesa, inglesa o coreana. (<a class=\"decorated-link cursor-pointer\" style=\"color: #000000;\" target=\"_new\" rel=\"noopener\" data-start=\"2146\" data-end=\"2291\">poketexastcg.com<\/a>)<\/span><\/p>\n<\/li>\n<li data-start=\"2295\" data-end=\"2571\">\n<p data-start=\"2297\" data-end=\"2571\"><span style=\"color: #000000;\"><strong data-start=\"2300\" data-end=\"2333\">Edici\u00f3n en chino simplificado<\/strong>, ideal para coleccionistas que buscan ampliar su colecci\u00f3n con variantes internacionales.<\/span><\/p>\n<\/li>\n<\/ul>\n<p data-start=\"1896\" data-end=\"2081\"><span style=\"color: #000000;\">\u2666 En esta caja podr\u00e1s obtener algunas de las mejores ilustraciones de <em><strong>Vstar Universe, Astral Radiance, Zenith Supreme <\/strong><\/em>y <em><strong>Brilliant Stars.<\/strong><\/em><\/span><\/p>\n","category_list_v2":"","author_info_v2":{"name":"","url":""},"comments_num_v2":"0 comentarios","_links":{"self":[{"href":"https:\/\/pokehits.es\/index.php?rest_route=\/wp\/v2\/product\/3491","targetHints":{"allow":["GET"]}}],"collection":[{"href":"https:\/\/pokehits.es\/index.php?rest_route=\/wp\/v2\/product"}],"about":[{"href":"https:\/\/pokehits.es\/index.php?rest_route=\/wp\/v2\/types\/product"}],"replies":[{"embeddable":true,"href":"https:\/\/pokehits.es\/index.php?rest_route=%2Fwp%2Fv2%2Fcomments&post=3491"}],"wp:featuredmedia":[{"embeddable":true,"href":"https:\/\/pokehits.es\/index.php?rest_route=\/wp\/v2\/media\/3492"}],"wp:attachment":[{"href":"https:\/\/pokehits.es\/index.php?rest_route=%2Fwp%2Fv2%2Fmedia&parent=3491"}],"wp:term":[{"taxonomy":"product_brand","embeddable":true,"href":"https:\/\/pokehits.es\/index.php?rest_route=%2Fwp%2Fv2%2Fproduct_brand&post=3491"},{"taxonomy":"product_cat","embeddable":true,"href":"https:\/\/pokehits.es\/index.php?rest_route=%2Fwp%2Fv2%2Fproduct_cat&post=3491"},{"taxonomy":"product_tag","embeddable":true,"href":"https:\/\/pokehits.es\/index.php?rest_route=%2Fwp%2Fv2%2Fproduct_tag&post=3491"}],"curies":[{"name":"wp","href":"https:\/\/api.w.org\/{rel}","templated":true}]}}