{"id":3478,"date":"2026-03-01T00:09:07","date_gmt":"2026-02-28T23:09:07","guid":{"rendered":"https:\/\/pokehits.es\/?post_type=product&#038;p=3478"},"modified":"2026-04-21T12:53:36","modified_gmt":"2026-04-21T10:53:36","slug":"booster-box-eevee-heroes","status":"publish","type":"product","link":"https:\/\/pokehits.es\/?product=booster-box-eevee-heroes","title":{"rendered":"Booster Box Eevee Heroes"},"content":{"rendered":"<p><span style=\"color: #000000;\">La <strong data-start=\"155\" data-end=\"189\">Caja <em data-start=\"162\" data-end=\"176\">Eevee Heroes<\/em> en coreano<\/strong> es un <strong data-start=\"196\" data-end=\"257\">Booster Box oficial del <em data-start=\"222\" data-end=\"255\">Pok\u00e9mon Trading Card Game (TCG)<\/em><\/strong> perteneciente a la expansi\u00f3n <strong data-start=\"287\" data-end=\"303\">Eevee Heroes<\/strong> (c\u00f3digo de set <strong data-start=\"319\" data-end=\"326\">S6a<\/strong>), la versi\u00f3n en <strong data-start=\"343\" data-end=\"361\">idioma coreano<\/strong> de uno de los sets m\u00e1s queridos de la era <em data-start=\"404\" data-end=\"420\">Sword &amp; Shield<\/em>, centrado en <strong data-start=\"434\" data-end=\"468\">Eevee y todas sus Eeveelutions<\/strong> como <em data-start=\"474\" data-end=\"484\">Vaporeon<\/em>, <em data-start=\"486\" data-end=\"495\">Jolteon<\/em>, <em data-start=\"497\" data-end=\"506\">Flareon<\/em>, <em data-start=\"508\" data-end=\"516\">Espeon<\/em>, <em data-start=\"518\" data-end=\"527\">Umbreon<\/em>, <em data-start=\"529\" data-end=\"538\">Leafeon<\/em>, <em data-start=\"540\" data-end=\"549\">Glaceon<\/em> y <em data-start=\"552\" data-end=\"561\">Sylveon<\/em> con cartas <em data-start=\"573\" data-end=\"576\">V<\/em> y <em data-start=\"579\" data-end=\"585\">VMAX<\/em> con arte espectacular. Esta edici\u00f3n es ideal para <strong data-start=\"636\" data-end=\"670\">coleccionistas internacionales<\/strong> y jugadores que buscan a\u00f1adir variantes de otro idioma a su colecci\u00f3n y disfrutar de aperturas llenas de emoci\u00f3n visual.<\/span><\/p>\n","protected":false},"excerpt":{"rendered":"<p data-start=\"836\" data-end=\"872\"><span style=\"color: #000000;\"><strong data-start=\"843\" data-end=\"870\">\u00bfQu\u00e9 incluye esta caja?<\/strong><\/span><\/p>\n<ul data-start=\"873\" data-end=\"1586\">\n<li data-start=\"873\" data-end=\"1010\">\n<p data-start=\"875\" data-end=\"1010\"><span style=\"color: #000000;\"><strong data-start=\"878\" data-end=\"936\">1 Booster Box Pok\u00e9mon <em data-start=\"902\" data-end=\"916\">Eevee Heroes<\/em> (versi\u00f3n coreana)<\/strong> completamente sellada de f\u00e1brica.<\/span><\/p>\n<\/li>\n<li data-start=\"1011\" data-end=\"1141\">\n<p data-start=\"1013\" data-end=\"1141\"><span style=\"color: #000000;\"><strong data-start=\"1016\" data-end=\"1050\">30 sobres de refuerzo coreanos<\/strong> con cartas de la expansi\u00f3n <strong data-start=\"1078\" data-end=\"1100\">Eevee Heroes (S6a)<\/strong>.<\/span><\/p>\n<\/li>\n<li data-start=\"1142\" data-end=\"1252\">\n<p data-start=\"1144\" data-end=\"1252\"><span style=\"color: #000000;\"><strong data-start=\"1147\" data-end=\"1169\">5 cartas por sobre<\/strong> (aproximadamente <strong data-start=\"1187\" data-end=\"1210\">150 cartas en total<\/strong>).<\/span><\/p>\n<\/li>\n<li data-start=\"1253\" data-end=\"1435\">\n<p data-start=\"1255\" data-end=\"1435\"><span style=\"color: #000000;\"><strong data-start=\"1258\" data-end=\"1288\">Cartas de diversas rarezas<\/strong> con posibilidad de encontrar <em data-start=\"1318\" data-end=\"1321\">V<\/em> y <em data-start=\"1324\" data-end=\"1330\">VMAX<\/em> de Eeveelutions populares y cartas con ilustraciones especiales.<\/span><\/p>\n<\/li>\n<li data-start=\"1436\" data-end=\"1586\">\n<p data-start=\"1438\" data-end=\"1586\"><span style=\"color: #000000;\">Versi\u00f3n impresa <strong data-start=\"1459\" data-end=\"1480\">en idioma coreano<\/strong>, perfecta para coleccionistas que desean variantes internacionales.<\/span><\/p>\n<\/li>\n<\/ul>\n","protected":false},"featured_media":3479,"comment_status":"open","ping_status":"closed","template":"","meta":{"_monsterinsights_skip_tracking":false,"_monsterinsights_sitenote_active":false,"_monsterinsights_sitenote_note":"","_monsterinsights_sitenote_category":0,"_joinchat":[]},"product_brand":[],"product_cat":[175,195,26],"product_tag":[],"class_list":{"0":"post-3478","1":"product","2":"type-product","3":"status-publish","4":"has-post-thumbnail","6":"product_cat-cajas-japonesas","7":"product_cat-evolving-skies","8":"product_cat-pokemon","10":"first","11":"instock","12":"sale","13":"purchasable","14":"product-type-simple"},"featured_image_urls_v2":{"full":["https:\/\/pokehits.es\/wp-content\/uploads\/2026\/02\/Texto.png",1080,1080,false],"thumbnail":["https:\/\/pokehits.es\/wp-content\/uploads\/2026\/02\/Texto-150x150.png",150,150,true],"medium":["https:\/\/pokehits.es\/wp-content\/uploads\/2026\/02\/Texto-300x300.png",300,300,true],"medium_large":["https:\/\/pokehits.es\/wp-content\/uploads\/2026\/02\/Texto-768x768.png",768,768,true],"large":["https:\/\/pokehits.es\/wp-content\/uploads\/2026\/02\/Texto-1024x1024.png",1024,1024,true],"1536x1536":["https:\/\/pokehits.es\/wp-content\/uploads\/2026\/02\/Texto.png",1080,1080,false],"2048x2048":["https:\/\/pokehits.es\/wp-content\/uploads\/2026\/02\/Texto.png",1080,1080,false],"woocommerce_archive_thumbnail":["https:\/\/pokehits.es\/wp-content\/uploads\/2026\/02\/Texto-500x500.png",500,500,true],"woocommerce_thumbnail":["https:\/\/pokehits.es\/wp-content\/uploads\/2026\/02\/Texto-300x300.png",300,300,true],"woocommerce_single":["https:\/\/pokehits.es\/wp-content\/uploads\/2026\/02\/Texto-600x600.png",600,600,true],"woocommerce_gallery_thumbnail":["https:\/\/pokehits.es\/wp-content\/uploads\/2026\/02\/Texto-100x100.png",100,100,true]},"post_excerpt_stackable_v2":"<p data-start=\"836\" data-end=\"872\"><span style=\"color: #000000;\"><strong data-start=\"843\" data-end=\"870\">\u00bfQu\u00e9 incluye esta caja?<\/strong><\/span><\/p>\n<ul data-start=\"873\" data-end=\"1586\">\n<li data-start=\"873\" data-end=\"1010\">\n<p data-start=\"875\" data-end=\"1010\"><span style=\"color: #000000;\"><strong data-start=\"878\" data-end=\"936\">1 Booster Box Pok\u00e9mon <em data-start=\"902\" data-end=\"916\">Eevee Heroes<\/em> (versi\u00f3n coreana)<\/strong> completamente sellada de f\u00e1brica.<\/span><\/p>\n<\/li>\n<li data-start=\"1011\" data-end=\"1141\">\n<p data-start=\"1013\" data-end=\"1141\"><span style=\"color: #000000;\"><strong data-start=\"1016\" data-end=\"1050\">30 sobres de refuerzo coreanos<\/strong> con cartas de la expansi\u00f3n <strong data-start=\"1078\" data-end=\"1100\">Eevee Heroes (S6a)<\/strong>.<\/span><\/p>\n<\/li>\n<li data-start=\"1142\" data-end=\"1252\">\n<p data-start=\"1144\" data-end=\"1252\"><span style=\"color: #000000;\"><strong data-start=\"1147\" data-end=\"1169\">5 cartas por sobre<\/strong> (aproximadamente <strong data-start=\"1187\" data-end=\"1210\">150 cartas en total<\/strong>).<\/span><\/p>\n<\/li>\n<li data-start=\"1253\" data-end=\"1435\">\n<p data-start=\"1255\" data-end=\"1435\"><span style=\"color: #000000;\"><strong data-start=\"1258\" data-end=\"1288\">Cartas de diversas rarezas<\/strong> con posibilidad de encontrar <em data-start=\"1318\" data-end=\"1321\">V<\/em> y <em data-start=\"1324\" data-end=\"1330\">VMAX<\/em> de Eeveelutions populares y cartas con ilustraciones especiales.<\/span><\/p>\n<\/li>\n<li data-start=\"1436\" data-end=\"1586\">\n<p data-start=\"1438\" data-end=\"1586\"><span style=\"color: #000000;\">Versi\u00f3n impresa <strong data-start=\"1459\" data-end=\"1480\">en idioma coreano<\/strong>, perfecta para coleccionistas que desean variantes internacionales.<\/span><\/p>\n<\/li>\n<\/ul>\n","category_list_v2":"","author_info_v2":{"name":"","url":""},"comments_num_v2":"0 comentarios","_links":{"self":[{"href":"https:\/\/pokehits.es\/index.php?rest_route=\/wp\/v2\/product\/3478","targetHints":{"allow":["GET"]}}],"collection":[{"href":"https:\/\/pokehits.es\/index.php?rest_route=\/wp\/v2\/product"}],"about":[{"href":"https:\/\/pokehits.es\/index.php?rest_route=\/wp\/v2\/types\/product"}],"replies":[{"embeddable":true,"href":"https:\/\/pokehits.es\/index.php?rest_route=%2Fwp%2Fv2%2Fcomments&post=3478"}],"wp:featuredmedia":[{"embeddable":true,"href":"https:\/\/pokehits.es\/index.php?rest_route=\/wp\/v2\/media\/3479"}],"wp:attachment":[{"href":"https:\/\/pokehits.es\/index.php?rest_route=%2Fwp%2Fv2%2Fmedia&parent=3478"}],"wp:term":[{"taxonomy":"product_brand","embeddable":true,"href":"https:\/\/pokehits.es\/index.php?rest_route=%2Fwp%2Fv2%2Fproduct_brand&post=3478"},{"taxonomy":"product_cat","embeddable":true,"href":"https:\/\/pokehits.es\/index.php?rest_route=%2Fwp%2Fv2%2Fproduct_cat&post=3478"},{"taxonomy":"product_tag","embeddable":true,"href":"https:\/\/pokehits.es\/index.php?rest_route=%2Fwp%2Fv2%2Fproduct_tag&post=3478"}],"curies":[{"name":"wp","href":"https:\/\/api.w.org\/{rel}","templated":true}]}}