{"id":3455,"date":"2026-02-28T21:38:32","date_gmt":"2026-02-28T20:38:32","guid":{"rendered":"https:\/\/pokehits.es\/?post_type=product&#038;p=3455"},"modified":"2026-04-21T12:54:24","modified_gmt":"2026-04-21T10:54:24","slug":"booster-box-terastal-festival","status":"publish","type":"product","link":"https:\/\/pokehits.es\/?product=booster-box-terastal-festival","title":{"rendered":"Booster Box Terastal Festival"},"content":{"rendered":"<p><span style=\"color: #000000;\">La <strong data-start=\"124\" data-end=\"163\">Caja <em data-start=\"131\" data-end=\"150\">Terastal Festival<\/em> en coreano<\/strong> es un <strong data-start=\"170\" data-end=\"231\">Booster Box oficial del <em data-start=\"196\" data-end=\"229\">Pok\u00e9mon Trading Card Game (TCG)<\/em><\/strong> correspondiente a la expansi\u00f3n <strong data-start=\"263\" data-end=\"304\"><span class=\"hover:entity-accent entity-underline inline cursor-pointer align-baseline\"><span class=\"whitespace-normal\">Scarlet &amp; Violet \u2013 Terastal Festival EX<\/span><\/span><\/strong>, parte de la serie <em data-start=\"324\" data-end=\"342\">Scarlet &amp; Violet<\/em> centrada en la tem\u00e1tica de <strong data-start=\"370\" data-end=\"392\">Teracristalizaci\u00f3n<\/strong>. Esta edici\u00f3n en <strong data-start=\"410\" data-end=\"428\">idioma coreano<\/strong> celebra la energ\u00eda cristalizada de los Pok\u00e9mon Teracristal, con cartas de alto impacto visual, Pok\u00e9mon ex potentes y arte vibrante que la convierten en una elecci\u00f3n ideal tanto para coleccionistas como para jugadores competitivos que quieren a\u00f1adir variantes internacionales a su colecci\u00f3n.<\/span><\/p>\n","protected":false},"excerpt":{"rendered":"<p data-start=\"764\" data-end=\"798\"><strong data-start=\"771\" data-end=\"798\">\u00bfQu\u00e9 incluye esta caja?<\/strong><\/p>\n<ul data-start=\"799\" data-end=\"1758\">\n<li data-start=\"799\" data-end=\"941\">\n<p data-start=\"801\" data-end=\"941\"><strong data-start=\"804\" data-end=\"867\">1 Booster Box Pok\u00e9mon <em data-start=\"828\" data-end=\"847\">Terastal Festival<\/em> (versi\u00f3n coreana)<\/strong> completamente sellada de f\u00e1brica.<\/p>\n<\/li>\n<li data-start=\"942\" data-end=\"1064\">\n<p data-start=\"944\" data-end=\"1064\"><strong data-start=\"947\" data-end=\"1001\">10 sobres de expansi\u00f3n Terastal Festival EX (SV8a)<\/strong> en idioma <strong data-start=\"1012\" data-end=\"1023\">coreano<\/strong>.<\/p>\n<\/li>\n<li data-start=\"1065\" data-end=\"1216\">\n<p data-start=\"1067\" data-end=\"1216\"><strong data-start=\"1070\" data-end=\"1114\">Cada sobre contiene 10 cartas aleatorias<\/strong>, sumando un total de aproximadamente <strong data-start=\"1152\" data-end=\"1175\">100 cartas por caja<\/strong>.<\/p>\n<\/li>\n<li data-start=\"1217\" data-end=\"1438\">\n<p data-start=\"1219\" data-end=\"1438\"><strong data-start=\"1222\" data-end=\"1253\">Cartas con diversas rarezas<\/strong>, incluyendo <em data-start=\"1266\" data-end=\"1278\">Pok\u00e9mon ex<\/em>, rarezas especiales como <em data-start=\"1304\" data-end=\"1328\">Special Art Rare (SAR)<\/em>, <em data-start=\"1330\" data-end=\"1345\">Art Rare (AR)<\/em> y otras cartas destacadas con ilustraciones premium.<\/p>\n<\/li>\n<li data-start=\"1439\" data-end=\"1590\">\n<p data-start=\"1441\" data-end=\"1590\">Tem\u00e1tica <strong data-start=\"1453\" data-end=\"1468\">Teracristal<\/strong> con Pok\u00e9mon brillantes y efectos visuales llamativos que destacan dentro del set.<\/p>\n<\/li>\n<li data-start=\"1591\" data-end=\"1758\">\n<p data-start=\"1593\" data-end=\"1758\"><strong data-start=\"1598\" data-end=\"1620\">Edici\u00f3n en coreano<\/strong>, perfecta para coleccionistas internacionales interesados en variantes extranjeras del TCG Pok\u00e9mon.<\/p>\n<\/li>\n<\/ul>\n","protected":false},"featured_media":3456,"comment_status":"open","ping_status":"closed","template":"","meta":{"_monsterinsights_skip_tracking":false,"_monsterinsights_sitenote_active":false,"_monsterinsights_sitenote_note":"","_monsterinsights_sitenote_category":0,"_joinchat":[]},"product_brand":[],"product_cat":[175,26,192],"product_tag":[],"class_list":{"0":"post-3455","1":"product","2":"type-product","3":"status-publish","4":"has-post-thumbnail","6":"product_cat-cajas-japonesas","7":"product_cat-pokemon","8":"product_cat-prismatic-evolution","10":"first","11":"instock","12":"sale","13":"purchasable","14":"product-type-simple"},"featured_image_urls_v2":{"full":["https:\/\/pokehits.es\/wp-content\/uploads\/2026\/02\/fgdg.png",1080,1080,false],"thumbnail":["https:\/\/pokehits.es\/wp-content\/uploads\/2026\/02\/fgdg-150x150.png",150,150,true],"medium":["https:\/\/pokehits.es\/wp-content\/uploads\/2026\/02\/fgdg-300x300.png",300,300,true],"medium_large":["https:\/\/pokehits.es\/wp-content\/uploads\/2026\/02\/fgdg-768x768.png",768,768,true],"large":["https:\/\/pokehits.es\/wp-content\/uploads\/2026\/02\/fgdg-1024x1024.png",1024,1024,true],"1536x1536":["https:\/\/pokehits.es\/wp-content\/uploads\/2026\/02\/fgdg.png",1080,1080,false],"2048x2048":["https:\/\/pokehits.es\/wp-content\/uploads\/2026\/02\/fgdg.png",1080,1080,false],"woocommerce_archive_thumbnail":["https:\/\/pokehits.es\/wp-content\/uploads\/2026\/02\/fgdg-500x500.png",500,500,true],"woocommerce_thumbnail":["https:\/\/pokehits.es\/wp-content\/uploads\/2026\/02\/fgdg-300x300.png",300,300,true],"woocommerce_single":["https:\/\/pokehits.es\/wp-content\/uploads\/2026\/02\/fgdg-600x600.png",600,600,true],"woocommerce_gallery_thumbnail":["https:\/\/pokehits.es\/wp-content\/uploads\/2026\/02\/fgdg-100x100.png",100,100,true]},"post_excerpt_stackable_v2":"<p data-start=\"764\" data-end=\"798\"><strong data-start=\"771\" data-end=\"798\">\u00bfQu\u00e9 incluye esta caja?<\/strong><\/p>\n<ul data-start=\"799\" data-end=\"1758\">\n<li data-start=\"799\" data-end=\"941\">\n<p data-start=\"801\" data-end=\"941\"><strong data-start=\"804\" data-end=\"867\">1 Booster Box Pok\u00e9mon <em data-start=\"828\" data-end=\"847\">Terastal Festival<\/em> (versi\u00f3n coreana)<\/strong> completamente sellada de f\u00e1brica.<\/p>\n<\/li>\n<li data-start=\"942\" data-end=\"1064\">\n<p data-start=\"944\" data-end=\"1064\"><strong data-start=\"947\" data-end=\"1001\">10 sobres de expansi\u00f3n Terastal Festival EX (SV8a)<\/strong> en idioma <strong data-start=\"1012\" data-end=\"1023\">coreano<\/strong>.<\/p>\n<\/li>\n<li data-start=\"1065\" data-end=\"1216\">\n<p data-start=\"1067\" data-end=\"1216\"><strong data-start=\"1070\" data-end=\"1114\">Cada sobre contiene 10 cartas aleatorias<\/strong>, sumando un total de aproximadamente <strong data-start=\"1152\" data-end=\"1175\">100 cartas por caja<\/strong>.<\/p>\n<\/li>\n<li data-start=\"1217\" data-end=\"1438\">\n<p data-start=\"1219\" data-end=\"1438\"><strong data-start=\"1222\" data-end=\"1253\">Cartas con diversas rarezas<\/strong>, incluyendo <em data-start=\"1266\" data-end=\"1278\">Pok\u00e9mon ex<\/em>, rarezas especiales como <em data-start=\"1304\" data-end=\"1328\">Special Art Rare (SAR)<\/em>, <em data-start=\"1330\" data-end=\"1345\">Art Rare (AR)<\/em> y otras cartas destacadas con ilustraciones premium.<\/p>\n<\/li>\n<li data-start=\"1439\" data-end=\"1590\">\n<p data-start=\"1441\" data-end=\"1590\">Tem\u00e1tica <strong data-start=\"1453\" data-end=\"1468\">Teracristal<\/strong> con Pok\u00e9mon brillantes y efectos visuales llamativos que destacan dentro del set.<\/p>\n<\/li>\n<li data-start=\"1591\" data-end=\"1758\">\n<p data-start=\"1593\" data-end=\"1758\"><strong data-start=\"1598\" data-end=\"1620\">Edici\u00f3n en coreano<\/strong>, perfecta para coleccionistas internacionales interesados en variantes extranjeras del TCG Pok\u00e9mon.<\/p>\n<\/li>\n<\/ul>\n","category_list_v2":"","author_info_v2":{"name":"","url":""},"comments_num_v2":"0 comentarios","_links":{"self":[{"href":"https:\/\/pokehits.es\/index.php?rest_route=\/wp\/v2\/product\/3455","targetHints":{"allow":["GET"]}}],"collection":[{"href":"https:\/\/pokehits.es\/index.php?rest_route=\/wp\/v2\/product"}],"about":[{"href":"https:\/\/pokehits.es\/index.php?rest_route=\/wp\/v2\/types\/product"}],"replies":[{"embeddable":true,"href":"https:\/\/pokehits.es\/index.php?rest_route=%2Fwp%2Fv2%2Fcomments&post=3455"}],"wp:featuredmedia":[{"embeddable":true,"href":"https:\/\/pokehits.es\/index.php?rest_route=\/wp\/v2\/media\/3456"}],"wp:attachment":[{"href":"https:\/\/pokehits.es\/index.php?rest_route=%2Fwp%2Fv2%2Fmedia&parent=3455"}],"wp:term":[{"taxonomy":"product_brand","embeddable":true,"href":"https:\/\/pokehits.es\/index.php?rest_route=%2Fwp%2Fv2%2Fproduct_brand&post=3455"},{"taxonomy":"product_cat","embeddable":true,"href":"https:\/\/pokehits.es\/index.php?rest_route=%2Fwp%2Fv2%2Fproduct_cat&post=3455"},{"taxonomy":"product_tag","embeddable":true,"href":"https:\/\/pokehits.es\/index.php?rest_route=%2Fwp%2Fv2%2Fproduct_tag&post=3455"}],"curies":[{"name":"wp","href":"https:\/\/api.w.org\/{rel}","templated":true}]}}