{"id":3255,"date":"2026-01-27T08:41:05","date_gmt":"2026-01-27T07:41:05","guid":{"rendered":"https:\/\/pokehits.es\/?post_type=product&#038;p=3255"},"modified":"2026-03-26T19:56:29","modified_gmt":"2026-03-26T18:56:29","slug":"etb-megakangaskhan-ex-box-megaevolucion-fuegos-fantasmales","status":"publish","type":"product","link":"https:\/\/pokehits.es\/?product=etb-megakangaskhan-ex-box-megaevolucion-fuegos-fantasmales","title":{"rendered":"ETB + MegaKangaskhan Ex Box &#8211; Megaevoluci\u00f3n: Fuegos Fantasmales"},"content":{"rendered":"<p data-start=\"256\" data-end=\"671\"><span style=\"color: #000000;\">Este <strong data-start=\"261\" data-end=\"284\">Pack Oferta Pok\u00e9mon<\/strong> combina dos productos oficiales del Juego de Cartas Coleccionables Pok\u00e9mon (Pok\u00e9mon TCG): la <strong data-start=\"378\" data-end=\"404\">ETB Fuegos Fantasmales<\/strong> y la <strong data-start=\"410\" data-end=\"436\">Mega Kangaskhan EX Box<\/strong>. La ETB aporta muchos sobres y accesorios para juego y colecci\u00f3n, mientras que la Mega Kangaskhan EX Box ofrece cartas promocionales tem\u00e1ticas y sobres adicionales. Es una opci\u00f3n completa tanto para coleccionistas como para jugadores.<\/span><\/p>\n","protected":false},"excerpt":{"rendered":"<p data-start=\"709\" data-end=\"735\"><strong><span style=\"color: #000000;\">ETB Fuegos Fantasmales<\/span><\/strong><\/p>\n<ul data-start=\"793\" data-end=\"1248\">\n<li data-start=\"793\" data-end=\"840\">\n<p data-start=\"795\" data-end=\"840\"><span style=\"color: #000000;\">9 sobres de la expansi\u00f3n Fuegos Fantasmales<\/span><\/p>\n<\/li>\n<li data-start=\"841\" data-end=\"886\">\n<p data-start=\"843\" data-end=\"886\"><span style=\"color: #000000;\">1 carta promocional hologr\u00e1fica exclusiva<\/span><\/p>\n<\/li>\n<li data-start=\"887\" data-end=\"932\">\n<p data-start=\"889\" data-end=\"932\"><span style=\"color: #000000;\">65 fundas protectoras con dise\u00f1o tem\u00e1tico<\/span><\/p>\n<\/li>\n<li data-start=\"933\" data-end=\"957\">\n<p data-start=\"935\" data-end=\"957\"><span style=\"color: #000000;\">45 cartas de Energ\u00eda<\/span><\/p>\n<\/li>\n<li data-start=\"958\" data-end=\"1014\">\n<p data-start=\"960\" data-end=\"1014\"><span style=\"color: #000000;\">1 gu\u00eda de jugador de la expansi\u00f3n Fuegos Fantasmales<\/span><\/p>\n<\/li>\n<li data-start=\"1015\" data-end=\"1045\">\n<p data-start=\"1017\" data-end=\"1045\"><span style=\"color: #000000;\">6 dados marcadores de da\u00f1o<\/span><\/p>\n<\/li>\n<li data-start=\"1046\" data-end=\"1083\">\n<p data-start=\"1048\" data-end=\"1083\"><span style=\"color: #000000;\">1 dado para lanzamiento de moneda<\/span><\/p>\n<\/li>\n<li data-start=\"1084\" data-end=\"1123\">\n<p data-start=\"1086\" data-end=\"1123\"><span style=\"color: #000000;\">2 marcadores de condici\u00f3n acr\u00edlicos<\/span><\/p>\n<\/li>\n<li data-start=\"1124\" data-end=\"1167\">\n<p data-start=\"1126\" data-end=\"1167\"><span style=\"color: #000000;\">1 caja de coleccionista con separadores<\/span><\/p>\n<\/li>\n<\/ul>\n<hr data-start=\"1250\" data-end=\"1253\" \/>\n<p data-start=\"1255\" data-end=\"1281\"><strong><span style=\"color: #000000;\">Mega Kangaskhan EX Box<\/span><\/strong><\/p>\n<ul data-start=\"1318\" data-end=\"1561\">\n<li data-start=\"1318\" data-end=\"1358\">\n<p data-start=\"1320\" data-end=\"1358\"><span style=\"color: #000000;\">1 carta promocional de Kangaskhan EX<\/span><\/p>\n<\/li>\n<li data-start=\"1359\" data-end=\"1404\">\n<p data-start=\"1361\" data-end=\"1404\"><span style=\"color: #000000;\">1 carta promocional de Mega Kangaskhan EX<\/span><\/p>\n<\/li>\n<li data-start=\"1405\" data-end=\"1444\">\n<p data-start=\"1407\" data-end=\"1444\"><span style=\"color: #000000;\">1 carta jumbo de Mega Kangaskhan EX<\/span><\/p>\n<\/li>\n<li data-start=\"1445\" data-end=\"1469\">\n<p data-start=\"1447\" data-end=\"1469\"><span style=\"color: #000000;\">4 sobres Pok\u00e9mon TCG<\/span><\/p>\n<\/li>\n<\/ul>\n","protected":false},"featured_media":3256,"comment_status":"open","ping_status":"closed","template":"","meta":{"_monsterinsights_skip_tracking":false,"_monsterinsights_sitenote_active":false,"_monsterinsights_sitenote_note":"","_monsterinsights_sitenote_category":0,"_joinchat":[]},"product_brand":[],"product_cat":[49,50,51,190,26],"product_tag":[],"class_list":{"0":"post-3255","1":"product","2":"type-product","3":"status-publish","4":"has-post-thumbnail","6":"product_cat-edge-of-eternity","7":"product_cat-megaevolution","8":"product_cat-mega-evolution","9":"product_cat-packs-oferta","10":"product_cat-pokemon","12":"first","13":"outofstock","14":"sale","15":"purchasable","16":"product-type-simple"},"featured_image_urls_v2":{"full":["https:\/\/pokehits.es\/wp-content\/uploads\/2026\/01\/DSDSDSD.png",1080,1080,false],"thumbnail":["https:\/\/pokehits.es\/wp-content\/uploads\/2026\/01\/DSDSDSD-150x150.png",150,150,true],"medium":["https:\/\/pokehits.es\/wp-content\/uploads\/2026\/01\/DSDSDSD-300x300.png",300,300,true],"medium_large":["https:\/\/pokehits.es\/wp-content\/uploads\/2026\/01\/DSDSDSD-768x768.png",768,768,true],"large":["https:\/\/pokehits.es\/wp-content\/uploads\/2026\/01\/DSDSDSD-1024x1024.png",1024,1024,true],"1536x1536":["https:\/\/pokehits.es\/wp-content\/uploads\/2026\/01\/DSDSDSD.png",1080,1080,false],"2048x2048":["https:\/\/pokehits.es\/wp-content\/uploads\/2026\/01\/DSDSDSD.png",1080,1080,false],"woocommerce_archive_thumbnail":["https:\/\/pokehits.es\/wp-content\/uploads\/2026\/01\/DSDSDSD-500x500.png",500,500,true],"woocommerce_thumbnail":["https:\/\/pokehits.es\/wp-content\/uploads\/2026\/01\/DSDSDSD-300x300.png",300,300,true],"woocommerce_single":["https:\/\/pokehits.es\/wp-content\/uploads\/2026\/01\/DSDSDSD-600x600.png",600,600,true],"woocommerce_gallery_thumbnail":["https:\/\/pokehits.es\/wp-content\/uploads\/2026\/01\/DSDSDSD-100x100.png",100,100,true]},"post_excerpt_stackable_v2":"<p data-start=\"709\" data-end=\"735\"><strong><span style=\"color: #000000;\">ETB Fuegos Fantasmales<\/span><\/strong><\/p>\n<ul data-start=\"793\" data-end=\"1248\">\n<li data-start=\"793\" data-end=\"840\">\n<p data-start=\"795\" data-end=\"840\"><span style=\"color: #000000;\">9 sobres de la expansi\u00f3n Fuegos Fantasmales<\/span><\/p>\n<\/li>\n<li data-start=\"841\" data-end=\"886\">\n<p data-start=\"843\" data-end=\"886\"><span style=\"color: #000000;\">1 carta promocional hologr\u00e1fica exclusiva<\/span><\/p>\n<\/li>\n<li data-start=\"887\" data-end=\"932\">\n<p data-start=\"889\" data-end=\"932\"><span style=\"color: #000000;\">65 fundas protectoras con dise\u00f1o tem\u00e1tico<\/span><\/p>\n<\/li>\n<li data-start=\"933\" data-end=\"957\">\n<p data-start=\"935\" data-end=\"957\"><span style=\"color: #000000;\">45 cartas de Energ\u00eda<\/span><\/p>\n<\/li>\n<li data-start=\"958\" data-end=\"1014\">\n<p data-start=\"960\" data-end=\"1014\"><span style=\"color: #000000;\">1 gu\u00eda de jugador de la expansi\u00f3n Fuegos Fantasmales<\/span><\/p>\n<\/li>\n<li data-start=\"1015\" data-end=\"1045\">\n<p data-start=\"1017\" data-end=\"1045\"><span style=\"color: #000000;\">6 dados marcadores de da\u00f1o<\/span><\/p>\n<\/li>\n<li data-start=\"1046\" data-end=\"1083\">\n<p data-start=\"1048\" data-end=\"1083\"><span style=\"color: #000000;\">1 dado para lanzamiento de moneda<\/span><\/p>\n<\/li>\n<li data-start=\"1084\" data-end=\"1123\">\n<p data-start=\"1086\" data-end=\"1123\"><span style=\"color: #000000;\">2 marcadores de condici\u00f3n acr\u00edlicos<\/span><\/p>\n<\/li>\n<li data-start=\"1124\" data-end=\"1167\">\n<p data-start=\"1126\" data-end=\"1167\"><span style=\"color: #000000;\">1 caja de coleccionista con separadores<\/span><\/p>\n<\/li>\n<\/ul>\n<hr data-start=\"1250\" data-end=\"1253\" \/>\n<p data-start=\"1255\" data-end=\"1281\"><strong><span style=\"color: #000000;\">Mega Kangaskhan EX Box<\/span><\/strong><\/p>\n<ul data-start=\"1318\" data-end=\"1561\">\n<li data-start=\"1318\" data-end=\"1358\">\n<p data-start=\"1320\" data-end=\"1358\"><span style=\"color: #000000;\">1 carta promocional de Kangaskhan EX<\/span><\/p>\n<\/li>\n<li data-start=\"1359\" data-end=\"1404\">\n<p data-start=\"1361\" data-end=\"1404\"><span style=\"color: #000000;\">1 carta promocional de Mega Kangaskhan EX<\/span><\/p>\n<\/li>\n<li data-start=\"1405\" data-end=\"1444\">\n<p data-start=\"1407\" data-end=\"1444\"><span style=\"color: #000000;\">1 carta jumbo de Mega Kangaskhan EX<\/span><\/p>\n<\/li>\n<li data-start=\"1445\" data-end=\"1469\">\n<p data-start=\"1447\" data-end=\"1469\"><span style=\"color: #000000;\">4 sobres Pok\u00e9mon TCG<\/span><\/p>\n<\/li>\n<\/ul>\n","category_list_v2":"","author_info_v2":{"name":"","url":""},"comments_num_v2":"0 comentarios","_links":{"self":[{"href":"https:\/\/pokehits.es\/index.php?rest_route=\/wp\/v2\/product\/3255","targetHints":{"allow":["GET"]}}],"collection":[{"href":"https:\/\/pokehits.es\/index.php?rest_route=\/wp\/v2\/product"}],"about":[{"href":"https:\/\/pokehits.es\/index.php?rest_route=\/wp\/v2\/types\/product"}],"replies":[{"embeddable":true,"href":"https:\/\/pokehits.es\/index.php?rest_route=%2Fwp%2Fv2%2Fcomments&post=3255"}],"wp:featuredmedia":[{"embeddable":true,"href":"https:\/\/pokehits.es\/index.php?rest_route=\/wp\/v2\/media\/3256"}],"wp:attachment":[{"href":"https:\/\/pokehits.es\/index.php?rest_route=%2Fwp%2Fv2%2Fmedia&parent=3255"}],"wp:term":[{"taxonomy":"product_brand","embeddable":true,"href":"https:\/\/pokehits.es\/index.php?rest_route=%2Fwp%2Fv2%2Fproduct_brand&post=3255"},{"taxonomy":"product_cat","embeddable":true,"href":"https:\/\/pokehits.es\/index.php?rest_route=%2Fwp%2Fv2%2Fproduct_cat&post=3255"},{"taxonomy":"product_tag","embeddable":true,"href":"https:\/\/pokehits.es\/index.php?rest_route=%2Fwp%2Fv2%2Fproduct_tag&post=3255"}],"curies":[{"name":"wp","href":"https:\/\/api.w.org\/{rel}","templated":true}]}}