{"id":3223,"date":"2026-01-26T12:09:46","date_gmt":"2026-01-26T11:09:46","guid":{"rendered":"https:\/\/pokehits.es\/?post_type=product&#038;p=3223"},"modified":"2026-03-26T19:56:23","modified_gmt":"2026-03-26T18:56:23","slug":"elite-trainer-box-figure-box-megalucario-ex-megaevolucion-fuegos-fantasmales","status":"publish","type":"product","link":"https:\/\/pokehits.es\/?product=elite-trainer-box-figure-box-megalucario-ex-megaevolucion-fuegos-fantasmales","title":{"rendered":"Elite Trainer Box + Figure Box MegaLucario Ex &#8211; Megaevoluci\u00f3n: Fuegos Fantasmales"},"content":{"rendered":"<p data-start=\"349\" data-end=\"565\"><span style=\"color: #000000;\">El <strong data-start=\"352\" data-end=\"412\">Pack ETB Fuegos Fantasmales + Figure Box Mega Lucario EX<\/strong> es una combinaci\u00f3n premium pensada para los fans del Pok\u00e9mon TCG que buscan <strong data-start=\"489\" data-end=\"544\">sobres, cartas exclusivas y contenido coleccionable<\/strong> en un solo producto.<\/span><\/p>\n<p data-start=\"567\" data-end=\"887\"><span style=\"color: #000000;\">La <strong data-start=\"570\" data-end=\"610\">Elite Trainer Box Fuegos Fantasmales<\/strong> incluye sobres oficiales y accesorios esenciales para jugar y organizar cartas, mientras que la <strong data-start=\"707\" data-end=\"737\">Figure Box Mega Lucario EX<\/strong> aporta una de las Megaevoluciones m\u00e1s populares de Pok\u00e9mon, junto con contenido exclusivo y una figura coleccionable que a\u00f1ade un gran valor al pack.<\/span><\/p>\n<p data-start=\"889\" data-end=\"1138\"><span style=\"color: #000000;\">Este pack es ideal tanto para <strong data-start=\"919\" data-end=\"932\">jugadores<\/strong> como para <strong data-start=\"943\" data-end=\"961\">coleccionistas<\/strong>, combinando la emoci\u00f3n de abrir sobres con art\u00edculos \u00fanicos dif\u00edciles de conseguir por separado. Todos los productos incluidos son <strong data-start=\"1093\" data-end=\"1137\">originales, nuevos y sellados de f\u00e1brica<\/strong>.<\/span><\/p>\n","protected":false},"excerpt":{"rendered":"<p data-start=\"1145\" data-end=\"1169\"><span style=\"color: #000000;\">Contenido del pack<\/span><\/p>\n<p data-start=\"1171\" data-end=\"1200\"><span style=\"color: #000000;\">\ud83d\udd39 <strong>ETB Fuegos Fantasmales<\/strong><\/span><\/p>\n<ul data-start=\"1201\" data-end=\"1418\">\n<li data-start=\"1201\" data-end=\"1254\">\n<p data-start=\"1203\" data-end=\"1254\"><span style=\"color: #000000;\">9 Sobres oficiales Pok\u00e9mon TCG <strong data-start=\"1232\" data-end=\"1254\">Fuegos Fantasmales<\/strong><\/span><\/p>\n<\/li>\n<li data-start=\"1255\" data-end=\"1341\">\n<p data-start=\"1257\" data-end=\"1341\"><span style=\"color: #000000;\">Accesorios exclusivos de la ETB (fundas, dados, contadores, caja organizadora, etc.)<\/span><\/p>\n<\/li>\n<li data-start=\"1342\" data-end=\"1376\">\n<p data-start=\"1344\" data-end=\"1376\"><span style=\"color: #000000;\">Gu\u00eda del jugador de la expansi\u00f3n<\/span><\/p>\n<\/li>\n<li data-start=\"1377\" data-end=\"1418\">\n<p data-start=\"1379\" data-end=\"1418\"><span style=\"color: #000000;\">C\u00f3digo para el juego online (si aplica)<\/span><\/p>\n<\/li>\n<\/ul>\n<p data-start=\"1420\" data-end=\"1453\"><span style=\"color: #000000;\">\ud83d\udd39 <strong>Figure Box Mega Lucario EX<\/strong><\/span><\/p>\n<ul data-start=\"1454\" data-end=\"1630\">\n<li data-start=\"1454\" data-end=\"1493\">\n<p data-start=\"1456\" data-end=\"1493\"><span style=\"color: #000000;\">Carta promocional <strong data-start=\"1474\" data-end=\"1493\">Mega Lucario EX<\/strong><\/span><\/p>\n<\/li>\n<li data-start=\"1494\" data-end=\"1514\">\n<p data-start=\"1496\" data-end=\"1514\"><span style=\"color: #000000;\">Carta EX adicional<\/span><\/p>\n<\/li>\n<li data-start=\"1515\" data-end=\"1557\">\n<p data-start=\"1517\" data-end=\"1557\"><span style=\"color: #000000;\"><strong data-start=\"1517\" data-end=\"1557\">Figura coleccionable de Mega Lucario<\/strong><\/span><\/p>\n<\/li>\n<li data-start=\"1558\" data-end=\"1588\">\n<p data-start=\"1560\" data-end=\"1588\"><span style=\"color: #000000;\">5 Sobres oficiales Pok\u00e9mon TCG<\/span><\/p>\n<\/li>\n<li data-start=\"1589\" data-end=\"1630\">\n<p data-start=\"1591\" data-end=\"1630\"><span style=\"color: #000000;\">C\u00f3digo para el juego online<\/span><\/p>\n<\/li>\n<\/ul>\n","protected":false},"featured_media":3224,"comment_status":"open","ping_status":"closed","template":"","meta":{"_monsterinsights_skip_tracking":false,"_monsterinsights_sitenote_active":false,"_monsterinsights_sitenote_note":"","_monsterinsights_sitenote_category":0,"_joinchat":[]},"product_brand":[],"product_cat":[49,50,51,190,26],"product_tag":[],"class_list":{"0":"post-3223","1":"product","2":"type-product","3":"status-publish","4":"has-post-thumbnail","6":"product_cat-edge-of-eternity","7":"product_cat-megaevolution","8":"product_cat-mega-evolution","9":"product_cat-packs-oferta","10":"product_cat-pokemon","12":"first","13":"outofstock","14":"sale","15":"purchasable","16":"product-type-simple"},"featured_image_urls_v2":{"full":["https:\/\/pokehits.es\/wp-content\/uploads\/2026\/01\/DFGFDFGFG.png",1080,1080,false],"thumbnail":["https:\/\/pokehits.es\/wp-content\/uploads\/2026\/01\/DFGFDFGFG-150x150.png",150,150,true],"medium":["https:\/\/pokehits.es\/wp-content\/uploads\/2026\/01\/DFGFDFGFG-300x300.png",300,300,true],"medium_large":["https:\/\/pokehits.es\/wp-content\/uploads\/2026\/01\/DFGFDFGFG-768x768.png",768,768,true],"large":["https:\/\/pokehits.es\/wp-content\/uploads\/2026\/01\/DFGFDFGFG-1024x1024.png",1024,1024,true],"1536x1536":["https:\/\/pokehits.es\/wp-content\/uploads\/2026\/01\/DFGFDFGFG.png",1080,1080,false],"2048x2048":["https:\/\/pokehits.es\/wp-content\/uploads\/2026\/01\/DFGFDFGFG.png",1080,1080,false],"woocommerce_archive_thumbnail":["https:\/\/pokehits.es\/wp-content\/uploads\/2026\/01\/DFGFDFGFG-500x500.png",500,500,true],"woocommerce_thumbnail":["https:\/\/pokehits.es\/wp-content\/uploads\/2026\/01\/DFGFDFGFG-300x300.png",300,300,true],"woocommerce_single":["https:\/\/pokehits.es\/wp-content\/uploads\/2026\/01\/DFGFDFGFG-600x600.png",600,600,true],"woocommerce_gallery_thumbnail":["https:\/\/pokehits.es\/wp-content\/uploads\/2026\/01\/DFGFDFGFG-100x100.png",100,100,true]},"post_excerpt_stackable_v2":"<p data-start=\"1145\" data-end=\"1169\"><span style=\"color: #000000;\">Contenido del pack<\/span><\/p>\n<p data-start=\"1171\" data-end=\"1200\"><span style=\"color: #000000;\">\ud83d\udd39 <strong>ETB Fuegos Fantasmales<\/strong><\/span><\/p>\n<ul data-start=\"1201\" data-end=\"1418\">\n<li data-start=\"1201\" data-end=\"1254\">\n<p data-start=\"1203\" data-end=\"1254\"><span style=\"color: #000000;\">9 Sobres oficiales Pok\u00e9mon TCG <strong data-start=\"1232\" data-end=\"1254\">Fuegos Fantasmales<\/strong><\/span><\/p>\n<\/li>\n<li data-start=\"1255\" data-end=\"1341\">\n<p data-start=\"1257\" data-end=\"1341\"><span style=\"color: #000000;\">Accesorios exclusivos de la ETB (fundas, dados, contadores, caja organizadora, etc.)<\/span><\/p>\n<\/li>\n<li data-start=\"1342\" data-end=\"1376\">\n<p data-start=\"1344\" data-end=\"1376\"><span style=\"color: #000000;\">Gu\u00eda del jugador de la expansi\u00f3n<\/span><\/p>\n<\/li>\n<li data-start=\"1377\" data-end=\"1418\">\n<p data-start=\"1379\" data-end=\"1418\"><span style=\"color: #000000;\">C\u00f3digo para el juego online (si aplica)<\/span><\/p>\n<\/li>\n<\/ul>\n<p data-start=\"1420\" data-end=\"1453\"><span style=\"color: #000000;\">\ud83d\udd39 <strong>Figure Box Mega Lucario EX<\/strong><\/span><\/p>\n<ul data-start=\"1454\" data-end=\"1630\">\n<li data-start=\"1454\" data-end=\"1493\">\n<p data-start=\"1456\" data-end=\"1493\"><span style=\"color: #000000;\">Carta promocional <strong data-start=\"1474\" data-end=\"1493\">Mega Lucario EX<\/strong><\/span><\/p>\n<\/li>\n<li data-start=\"1494\" data-end=\"1514\">\n<p data-start=\"1496\" data-end=\"1514\"><span style=\"color: #000000;\">Carta EX adicional<\/span><\/p>\n<\/li>\n<li data-start=\"1515\" data-end=\"1557\">\n<p data-start=\"1517\" data-end=\"1557\"><span style=\"color: #000000;\"><strong data-start=\"1517\" data-end=\"1557\">Figura coleccionable de Mega Lucario<\/strong><\/span><\/p>\n<\/li>\n<li data-start=\"1558\" data-end=\"1588\">\n<p data-start=\"1560\" data-end=\"1588\"><span style=\"color: #000000;\">5 Sobres oficiales Pok\u00e9mon TCG<\/span><\/p>\n<\/li>\n<li data-start=\"1589\" data-end=\"1630\">\n<p data-start=\"1591\" data-end=\"1630\"><span style=\"color: #000000;\">C\u00f3digo para el juego online<\/span><\/p>\n<\/li>\n<\/ul>\n","category_list_v2":"","author_info_v2":{"name":"","url":""},"comments_num_v2":"0 comentarios","_links":{"self":[{"href":"https:\/\/pokehits.es\/index.php?rest_route=\/wp\/v2\/product\/3223","targetHints":{"allow":["GET"]}}],"collection":[{"href":"https:\/\/pokehits.es\/index.php?rest_route=\/wp\/v2\/product"}],"about":[{"href":"https:\/\/pokehits.es\/index.php?rest_route=\/wp\/v2\/types\/product"}],"replies":[{"embeddable":true,"href":"https:\/\/pokehits.es\/index.php?rest_route=%2Fwp%2Fv2%2Fcomments&post=3223"}],"wp:featuredmedia":[{"embeddable":true,"href":"https:\/\/pokehits.es\/index.php?rest_route=\/wp\/v2\/media\/3224"}],"wp:attachment":[{"href":"https:\/\/pokehits.es\/index.php?rest_route=%2Fwp%2Fv2%2Fmedia&parent=3223"}],"wp:term":[{"taxonomy":"product_brand","embeddable":true,"href":"https:\/\/pokehits.es\/index.php?rest_route=%2Fwp%2Fv2%2Fproduct_brand&post=3223"},{"taxonomy":"product_cat","embeddable":true,"href":"https:\/\/pokehits.es\/index.php?rest_route=%2Fwp%2Fv2%2Fproduct_cat&post=3223"},{"taxonomy":"product_tag","embeddable":true,"href":"https:\/\/pokehits.es\/index.php?rest_route=%2Fwp%2Fv2%2Fproduct_tag&post=3223"}],"curies":[{"name":"wp","href":"https:\/\/api.w.org\/{rel}","templated":true}]}}