{"id":3172,"date":"2026-01-17T17:32:17","date_gmt":"2026-01-17T16:32:17","guid":{"rendered":"https:\/\/pokehits.es\/?post_type=product&#038;p=3172"},"modified":"2026-04-16T13:28:16","modified_gmt":"2026-04-16T11:28:16","slug":"booster-pack-megaevolucion-equilibrio-perfecto","status":"publish","type":"product","link":"https:\/\/pokehits.es\/?product=booster-pack-megaevolucion-equilibrio-perfecto","title":{"rendered":"Booster Pack | Megaevoluci\u00f3n: Equilibrio Perfecto"},"content":{"rendered":"<p data-start=\"277\" data-end=\"636\"><span style=\"color: #000000;\"><strong data-start=\"279\" data-end=\"319\">Descubre la emoci\u00f3n de cada apertura<\/strong> con el <strong data-start=\"327\" data-end=\"358\">Sobre Pok\u00e9mon Perfect Order<\/strong>, el formato cl\u00e1sico del Pok\u00e9mon Trading Card Game que te permite ampliar tu colecci\u00f3n carta a carta. Pertenece a la expansi\u00f3n <em data-start=\"485\" data-end=\"517\">Mega Evolution \u2013 Perfect Order<\/em>, un set destacado por la llegada de <strong data-start=\"554\" data-end=\"574\">Mega Evoluciones<\/strong>, Pok\u00e9mon ex y cartas Trainer clave para el juego competitivo.<\/span><\/p>\n<p data-start=\"638\" data-end=\"768\"><span style=\"color: #000000;\">Perfecto para jugadores, coleccionistas y fans que buscan sobres oficiales para completar el set o probar suerte con cartas raras.<\/span><\/p>\n<p data-start=\"812\" data-end=\"1122\"><span style=\"color: #000000;\">El <strong data-start=\"815\" data-end=\"846\">Sobre Pok\u00e9mon Perfect Order<\/strong> es un <strong data-start=\"853\" data-end=\"882\">sobre de refuerzo oficial<\/strong> del Pok\u00e9mon TCG que contiene una selecci\u00f3n aleatoria de cartas del set <em data-start=\"954\" data-end=\"976\">Perfect Order (ME03)<\/em>. Cada sobre es una nueva oportunidad de conseguir cartas holo, ultra raras o Pok\u00e9mon ex que pueden marcar la diferencia en tus mazos o colecci\u00f3n.<\/span><\/p>\n<p data-start=\"1124\" data-end=\"1149\"><span style=\"color: #000000;\">Es el formato ideal para:<\/span><\/p>\n<ul data-start=\"1150\" data-end=\"1282\">\n<li data-start=\"1150\" data-end=\"1176\">\n<p data-start=\"1152\" data-end=\"1176\"><span style=\"color: #000000;\">Comprar sobres sueltos<\/span><\/p>\n<\/li>\n<li data-start=\"1177\" data-end=\"1214\">\n<p data-start=\"1179\" data-end=\"1214\"><span style=\"color: #000000;\">Completar colecciones poco a poco<\/span><\/p>\n<\/li>\n<li data-start=\"1215\" data-end=\"1238\">\n<p data-start=\"1217\" data-end=\"1238\"><span style=\"color: #000000;\">Intercambiar cartas<\/span><\/p>\n<\/li>\n<li data-start=\"1239\" data-end=\"1282\">\n<p data-start=\"1241\" data-end=\"1282\"><span style=\"color: #000000;\">Regalos econ\u00f3micos para fans de Pok\u00e9mon<\/span><\/p>\n<\/li>\n<\/ul>\n","protected":false},"excerpt":{"rendered":"<p data-start=\"1321\" data-end=\"1366\"><span style=\"color: #000000;\">Cada <strong data-start=\"1326\" data-end=\"1357\">Sobre Pok\u00e9mon Perfect Order<\/strong> incluye:<\/span><\/p>\n<p data-start=\"1370\" data-end=\"1416\"><span style=\"color: #000000;\"><strong data-start=\"1373\" data-end=\"1416\"><span style=\"color: #00ff00;\">\u2714 <\/span>10 cartas del Pok\u00e9mon Trading Card Game<\/strong><\/span><\/p>\n<p data-start=\"1419\" data-end=\"1450\"><span style=\"color: #000000;\"><strong data-start=\"1421\" data-end=\"1450\"><span style=\"color: #00ff00;\">\u2714 <\/span>1 carta de Energ\u00eda b\u00e1sica<\/strong><\/span><\/p>\n<p data-start=\"1453\" data-end=\"1490\"><span style=\"color: #000000;\"><strong data-start=\"1456\" data-end=\"1490\"><span style=\"color: #00ff00;\">\u2714 <\/span>1 c\u00f3digo para Pok\u00e9mon TCG Live<\/strong><\/span><\/p>\n<p data-start=\"1453\" data-end=\"1490\"><span style=\"color: #000000;\"><strong><em><span style=\"color: #ff0000;\">Aviso Importante:<\/span>\u00a0<\/em><\/strong><strong><em>Este art\u00edculo es una preventa.\u00a0<\/em><\/strong><strong><em>Tiene su fecha de lanzamiento para el 27 de Marzo de 2026\u00a0<\/em><\/strong><\/span><br \/>\n<span style=\"color: #000000;\"><strong><em>\u00a1Gracias por su paciencia y por confiar en nosotros!<\/em><\/strong><\/span><\/p>\n","protected":false},"featured_media":3155,"comment_status":"open","ping_status":"closed","template":"","meta":{"_monsterinsights_skip_tracking":false,"_monsterinsights_sitenote_active":false,"_monsterinsights_sitenote_note":"","_monsterinsights_sitenote_category":0,"_joinchat":[]},"product_brand":[],"product_cat":[189,42,26],"product_tag":[],"class_list":{"0":"post-3172","1":"product","2":"type-product","3":"status-publish","4":"has-post-thumbnail","6":"product_cat-perfect-order","7":"product_cat-novedades","8":"product_cat-pokemon","10":"first","11":"outofstock","12":"sale","13":"purchasable","14":"product-type-simple"},"featured_image_urls_v2":{"full":["https:\/\/pokehits.es\/wp-content\/uploads\/2026\/01\/cvdvd.png",1080,1080,false],"thumbnail":["https:\/\/pokehits.es\/wp-content\/uploads\/2026\/01\/cvdvd-150x150.png",150,150,true],"medium":["https:\/\/pokehits.es\/wp-content\/uploads\/2026\/01\/cvdvd-300x300.png",300,300,true],"medium_large":["https:\/\/pokehits.es\/wp-content\/uploads\/2026\/01\/cvdvd-768x768.png",768,768,true],"large":["https:\/\/pokehits.es\/wp-content\/uploads\/2026\/01\/cvdvd-1024x1024.png",1024,1024,true],"1536x1536":["https:\/\/pokehits.es\/wp-content\/uploads\/2026\/01\/cvdvd.png",1080,1080,false],"2048x2048":["https:\/\/pokehits.es\/wp-content\/uploads\/2026\/01\/cvdvd.png",1080,1080,false],"woocommerce_archive_thumbnail":["https:\/\/pokehits.es\/wp-content\/uploads\/2026\/01\/cvdvd-500x500.png",500,500,true],"woocommerce_thumbnail":["https:\/\/pokehits.es\/wp-content\/uploads\/2026\/01\/cvdvd-300x300.png",300,300,true],"woocommerce_single":["https:\/\/pokehits.es\/wp-content\/uploads\/2026\/01\/cvdvd-600x600.png",600,600,true],"woocommerce_gallery_thumbnail":["https:\/\/pokehits.es\/wp-content\/uploads\/2026\/01\/cvdvd-100x100.png",100,100,true]},"post_excerpt_stackable_v2":"<p data-start=\"1321\" data-end=\"1366\"><span style=\"color: #000000;\">Cada <strong data-start=\"1326\" data-end=\"1357\">Sobre Pok\u00e9mon Perfect Order<\/strong> incluye:<\/span><\/p>\n<p data-start=\"1370\" data-end=\"1416\"><span style=\"color: #000000;\"><strong data-start=\"1373\" data-end=\"1416\"><span style=\"color: #00ff00;\">\u2714 <\/span>10 cartas del Pok\u00e9mon Trading Card Game<\/strong><\/span><\/p>\n<p data-start=\"1419\" data-end=\"1450\"><span style=\"color: #000000;\"><strong data-start=\"1421\" data-end=\"1450\"><span style=\"color: #00ff00;\">\u2714 <\/span>1 carta de Energ\u00eda b\u00e1sica<\/strong><\/span><\/p>\n<p data-start=\"1453\" data-end=\"1490\"><span style=\"color: #000000;\"><strong data-start=\"1456\" data-end=\"1490\"><span style=\"color: #00ff00;\">\u2714 <\/span>1 c\u00f3digo para Pok\u00e9mon TCG Live<\/strong><\/span><\/p>\n<p data-start=\"1453\" data-end=\"1490\"><span style=\"color: #000000;\"><strong><em><span style=\"color: #ff0000;\">Aviso Importante:<\/span>\u00a0<\/em><\/strong><strong><em>Este art\u00edculo es una preventa.\u00a0<\/em><\/strong><strong><em>Tiene su fecha de lanzamiento para el 27 de Marzo de 2026\u00a0<\/em><\/strong><\/span><br \/>\n<span style=\"color: #000000;\"><strong><em>\u00a1Gracias por su paciencia y por confiar en nosotros!<\/em><\/strong><\/span><\/p>\n","category_list_v2":"","author_info_v2":{"name":"","url":""},"comments_num_v2":"0 comentarios","_links":{"self":[{"href":"https:\/\/pokehits.es\/index.php?rest_route=\/wp\/v2\/product\/3172","targetHints":{"allow":["GET"]}}],"collection":[{"href":"https:\/\/pokehits.es\/index.php?rest_route=\/wp\/v2\/product"}],"about":[{"href":"https:\/\/pokehits.es\/index.php?rest_route=\/wp\/v2\/types\/product"}],"replies":[{"embeddable":true,"href":"https:\/\/pokehits.es\/index.php?rest_route=%2Fwp%2Fv2%2Fcomments&post=3172"}],"wp:featuredmedia":[{"embeddable":true,"href":"https:\/\/pokehits.es\/index.php?rest_route=\/wp\/v2\/media\/3155"}],"wp:attachment":[{"href":"https:\/\/pokehits.es\/index.php?rest_route=%2Fwp%2Fv2%2Fmedia&parent=3172"}],"wp:term":[{"taxonomy":"product_brand","embeddable":true,"href":"https:\/\/pokehits.es\/index.php?rest_route=%2Fwp%2Fv2%2Fproduct_brand&post=3172"},{"taxonomy":"product_cat","embeddable":true,"href":"https:\/\/pokehits.es\/index.php?rest_route=%2Fwp%2Fv2%2Fproduct_cat&post=3172"},{"taxonomy":"product_tag","embeddable":true,"href":"https:\/\/pokehits.es\/index.php?rest_route=%2Fwp%2Fv2%2Fproduct_tag&post=3172"}],"curies":[{"name":"wp","href":"https:\/\/api.w.org\/{rel}","templated":true}]}}