{"id":3090,"date":"2026-01-17T10:39:51","date_gmt":"2026-01-17T09:39:51","guid":{"rendered":"https:\/\/pokehits.es\/?post_type=product&#038;p=3090"},"modified":"2026-04-03T22:58:50","modified_gmt":"2026-04-03T20:58:50","slug":"first-partner-illustration-collection-series-1","status":"publish","type":"product","link":"https:\/\/pokehits.es\/?product=first-partner-illustration-collection-series-1","title":{"rendered":"First Partner Illustration Collection Series 1 &#8211; 30 Aniversario"},"content":{"rendered":"<p data-start=\"362\" data-end=\"746\">La <span style=\"color: #000000;\"><strong data-start=\"365\" data-end=\"414\">First Partner Illustration Collection Pok\u00e9mon<\/strong><\/span> es una colecci\u00f3n especial del <span style=\"color: #000000;\"><strong data-start=\"445\" data-end=\"474\">Pok\u00e9mon Trading Card Game<\/strong><\/span> dise\u00f1ada para celebrar a los Pok\u00e9mon iniciales m\u00e1s ic\u00f3nicos de cada regi\u00f3n. Esta edici\u00f3n <span style=\"color: #000000;\"><strong data-start=\"564\" data-end=\"587\">en versi\u00f3n espa\u00f1ola<\/strong><\/span> es ideal tanto para <span style=\"color: #000000;\"><strong data-start=\"608\" data-end=\"626\">coleccionistas<\/strong><\/span> como para <span style=\"color: #000000;\"><strong data-start=\"637\" data-end=\"650\">jugadores<\/strong><\/span>, gracias a sus exclusivas cartas promocionales ilustradas y a los sobres de refuerzo incluidos.<\/p>\n<p data-start=\"748\" data-end=\"1071\">Cada <strong data-start=\"753\" data-end=\"794\"><span style=\"color: #000000;\">First Partner Illustration Collection<\/span> <span style=\"color: #000000;\">&#8211; Series 1<\/span><\/strong> destaca por su sobre de <span style=\"color: #000000;\"><strong data-start=\"811\" data-end=\"865\">cartas promo con ilustraciones \u00fanicas de los pokemon iniciales de Pok\u00e9mon de las diferentes generacines<\/strong><\/span>, creadas especialmente para esta colecci\u00f3n, que muestran a los Pok\u00e9mon iniciales con un estilo art\u00edstico exclusivo.<\/p>\n<p data-start=\"1073\" data-end=\"1351\">Gracias a los sobres de refuerzo en espa\u00f1ol, esta colecci\u00f3n te permite<span style=\"color: #000000;\"> <strong data-start=\"1144\" data-end=\"1165\">ampliar tu baraja<\/strong><\/span>, descubrir nuevas cartas y vivir la experiencia completa del TCG Pok\u00e9mon. Es una opci\u00f3n perfecta como<span style=\"color: #000000;\"> <strong data-start=\"1268\" data-end=\"1278\">regalo<\/strong><\/span>, para iniciar una colecci\u00f3n o para completar sets especiales de Pok\u00e9mon.<\/p>\n","protected":false},"excerpt":{"rendered":"<p data-start=\"1449\" data-end=\"1467\">Cada caja incluye:<\/p>\n<ul data-start=\"1469\" data-end=\"1747\">\n<li data-start=\"1469\" data-end=\"1583\">\n<p data-start=\"1471\" data-end=\"1583\"><span style=\"color: #000000;\"><strong data-start=\"1473\" data-end=\"1512\">2 sobres<\/strong><\/span> de Pok\u00e9mon<\/p>\n<\/li>\n<li data-start=\"1584\" data-end=\"1676\">\n<p data-start=\"1586\" data-end=\"1676\"><span style=\"color: #000000;\"><strong data-start=\"1589\" data-end=\"1620\">1 sobre First Partner Series 1<\/strong><\/span>\u00a0con ilustraci\u00f3n especial para colecci\u00f3n o exposici\u00f3n.<\/p>\n<\/li>\n<\/ul>\n<p><strong><em><span style=\"color: #ff0000;\">Aviso Importante:<\/span>\u00a0<\/em><\/strong><span style=\"color: #000000;\"><strong><em>Este art\u00edculo es una preventa.\u00a0<\/em><\/strong><strong><em>Tiene su fecha de lanzamiento para el 21 de Marzo de 2026\u00a0<\/em><\/strong><\/span><br \/>\n<span style=\"color: #000000;\"><strong><em>\u00a1Gracias por su paciencia y por confiar en nosotros!<\/em><\/strong><\/span><\/p>\n","protected":false},"featured_media":3311,"comment_status":"open","ping_status":"closed","template":"","meta":{"_monsterinsights_skip_tracking":false,"_monsterinsights_sitenote_active":false,"_monsterinsights_sitenote_note":"","_monsterinsights_sitenote_category":0,"_joinchat":[]},"product_brand":[],"product_cat":[188,26],"product_tag":[],"class_list":{"0":"post-3090","1":"product","2":"type-product","3":"status-publish","4":"has-post-thumbnail","6":"product_cat-30-aniversary","7":"product_cat-pokemon","9":"first","10":"outofstock","11":"sale","12":"purchasable","13":"product-type-simple"},"featured_image_urls_v2":{"full":["https:\/\/pokehits.es\/wp-content\/uploads\/2025\/12\/Diseno-sin-titulo-3.png",1080,1080,false],"thumbnail":["https:\/\/pokehits.es\/wp-content\/uploads\/2025\/12\/Diseno-sin-titulo-3-150x150.png",150,150,true],"medium":["https:\/\/pokehits.es\/wp-content\/uploads\/2025\/12\/Diseno-sin-titulo-3-300x300.png",300,300,true],"medium_large":["https:\/\/pokehits.es\/wp-content\/uploads\/2025\/12\/Diseno-sin-titulo-3-768x768.png",768,768,true],"large":["https:\/\/pokehits.es\/wp-content\/uploads\/2025\/12\/Diseno-sin-titulo-3-1024x1024.png",1024,1024,true],"1536x1536":["https:\/\/pokehits.es\/wp-content\/uploads\/2025\/12\/Diseno-sin-titulo-3.png",1080,1080,false],"2048x2048":["https:\/\/pokehits.es\/wp-content\/uploads\/2025\/12\/Diseno-sin-titulo-3.png",1080,1080,false],"woocommerce_archive_thumbnail":["https:\/\/pokehits.es\/wp-content\/uploads\/2025\/12\/Diseno-sin-titulo-3-500x500.png",500,500,true],"woocommerce_thumbnail":["https:\/\/pokehits.es\/wp-content\/uploads\/2025\/12\/Diseno-sin-titulo-3-300x300.png",300,300,true],"woocommerce_single":["https:\/\/pokehits.es\/wp-content\/uploads\/2025\/12\/Diseno-sin-titulo-3-600x600.png",600,600,true],"woocommerce_gallery_thumbnail":["https:\/\/pokehits.es\/wp-content\/uploads\/2025\/12\/Diseno-sin-titulo-3-100x100.png",100,100,true]},"post_excerpt_stackable_v2":"<p data-start=\"1449\" data-end=\"1467\">Cada caja incluye:<\/p>\n<ul data-start=\"1469\" data-end=\"1747\">\n<li data-start=\"1469\" data-end=\"1583\">\n<p data-start=\"1471\" data-end=\"1583\"><span style=\"color: #000000;\"><strong data-start=\"1473\" data-end=\"1512\">2 sobres<\/strong><\/span> de Pok\u00e9mon<\/p>\n<\/li>\n<li data-start=\"1584\" data-end=\"1676\">\n<p data-start=\"1586\" data-end=\"1676\"><span style=\"color: #000000;\"><strong data-start=\"1589\" data-end=\"1620\">1 sobre First Partner Series 1<\/strong><\/span>\u00a0con ilustraci\u00f3n especial para colecci\u00f3n o exposici\u00f3n.<\/p>\n<\/li>\n<\/ul>\n<p><strong><em><span style=\"color: #ff0000;\">Aviso Importante:<\/span>\u00a0<\/em><\/strong><span style=\"color: #000000;\"><strong><em>Este art\u00edculo es una preventa.\u00a0<\/em><\/strong><strong><em>Tiene su fecha de lanzamiento para el 21 de Marzo de 2026\u00a0<\/em><\/strong><\/span><br \/>\n<span style=\"color: #000000;\"><strong><em>\u00a1Gracias por su paciencia y por confiar en nosotros!<\/em><\/strong><\/span><\/p>\n","category_list_v2":"","author_info_v2":{"name":"","url":""},"comments_num_v2":"0 comentarios","_links":{"self":[{"href":"https:\/\/pokehits.es\/index.php?rest_route=\/wp\/v2\/product\/3090","targetHints":{"allow":["GET"]}}],"collection":[{"href":"https:\/\/pokehits.es\/index.php?rest_route=\/wp\/v2\/product"}],"about":[{"href":"https:\/\/pokehits.es\/index.php?rest_route=\/wp\/v2\/types\/product"}],"replies":[{"embeddable":true,"href":"https:\/\/pokehits.es\/index.php?rest_route=%2Fwp%2Fv2%2Fcomments&post=3090"}],"wp:featuredmedia":[{"embeddable":true,"href":"https:\/\/pokehits.es\/index.php?rest_route=\/wp\/v2\/media\/3311"}],"wp:attachment":[{"href":"https:\/\/pokehits.es\/index.php?rest_route=%2Fwp%2Fv2%2Fmedia&parent=3090"}],"wp:term":[{"taxonomy":"product_brand","embeddable":true,"href":"https:\/\/pokehits.es\/index.php?rest_route=%2Fwp%2Fv2%2Fproduct_brand&post=3090"},{"taxonomy":"product_cat","embeddable":true,"href":"https:\/\/pokehits.es\/index.php?rest_route=%2Fwp%2Fv2%2Fproduct_cat&post=3090"},{"taxonomy":"product_tag","embeddable":true,"href":"https:\/\/pokehits.es\/index.php?rest_route=%2Fwp%2Fv2%2Fproduct_tag&post=3090"}],"curies":[{"name":"wp","href":"https:\/\/api.w.org\/{rel}","templated":true}]}}