{"id":2400,"date":"2025-12-15T22:10:27","date_gmt":"2025-12-15T21:10:27","guid":{"rendered":"https:\/\/pokehits.es\/?post_type=product&#038;p=2400"},"modified":"2026-04-23T17:40:41","modified_gmt":"2026-04-23T15:40:41","slug":"coleccion-dia-de-pokemon-2026-30o-aniversario-pokemon-tcg","status":"publish","type":"product","link":"https:\/\/pokehits.es\/?product=coleccion-dia-de-pokemon-2026-30o-aniversario-pokemon-tcg","title":{"rendered":"Colecci\u00f3n D\u00eda de Pok\u00e9mon 2026 \u2013 30\u00ba Aniversario"},"content":{"rendered":"<p><strong>Celebra 30 a\u00f1os de historia Pok\u00e9mon con la Colecci\u00f3n D\u00eda de Pok\u00e9mon 2026<\/strong>, un producto especial conmemorativo del <strong>Pok\u00e9mon Day<\/strong>, dise\u00f1ado para <strong>coleccionistas y jugadores<\/strong> del Pok\u00e9mon Trading Card Game. Esta edici\u00f3n aniversario rinde homenaje a tres d\u00e9cadas de Pok\u00e9mon con <strong>cartas promocionales exclusivas, sobres oficiales y contenido coleccionable<\/strong>.<\/p>\n<p>La <strong>Colecci\u00f3n D\u00eda de Pok\u00e9mon 2026 \u2013 30\u00ba Aniversario<\/strong> es un set conmemorativo imprescindible para cualquier fan de Pok\u00e9mon TCG. Lanzada para celebrar el <strong>Pok\u00e9mon Day 2026<\/strong>, esta colecci\u00f3n incluye <strong>cartas promocionales foil exclusivas del aniversario<\/strong>, junto con sobres oficiales de Pok\u00e9mon TCG que permiten ampliar tu colecci\u00f3n con cartas raras y especiales.<\/p>\n<p>Gracias a su enfoque aniversario, este producto es altamente valorado por <strong>coleccionistas<\/strong>, pero tambi\u00e9n resulta ideal para <strong>jugadores<\/strong> que desean reforzar sus mazos con nuevas cartas.<\/p>\n","protected":false},"excerpt":{"rendered":"<p><strong>Contenido de la Colecci\u00f3n D\u00eda de Pok\u00e9mon 2026<\/strong><\/p>\n<ul>\n<li><strong>1 carta promocional foil exclusiva del 30\u00ba Aniversario de Pok\u00e9mon<\/strong><\/li>\n<li><strong>3 sobres oficiales Pok\u00e9mon TCG<\/strong><\/li>\n<li><strong>1 moneda conmemorativa<\/strong> del <strong>30\u00ba Aniversario de Pok\u00e9mon<\/strong><\/li>\n<li>Posibilidad de obtener <strong>cartas raras, ultra raras, EX, V o foil<\/strong><\/li>\n<li><strong>Elementos conmemorativos del Pok\u00e9mon Day 2026<\/strong><\/li>\n<li><strong>Producto oficial Pok\u00e9mon Trading Card Game<\/strong><\/li>\n<\/ul>\n<p><span style=\"color: #ff0000;\"><strong><em>Aviso Importante: <\/em><\/strong><\/span><span style=\"color: #000000;\"><strong><em>Este art\u00edculo es una preventa. <\/em><\/strong><strong><em>Tiene su fecha de lanzamiento para el 30 de Enero de 2026\u00a0<\/em><\/strong><\/span><br \/>\n<span style=\"color: #000000;\"><strong><em>\u00a1Gracias por su paciencia y por confiar en nosotros!<\/em><\/strong><\/span><\/p>\n","protected":false},"featured_media":3312,"comment_status":"open","ping_status":"closed","template":"","meta":{"_monsterinsights_skip_tracking":false,"_monsterinsights_sitenote_active":false,"_monsterinsights_sitenote_note":"","_monsterinsights_sitenote_category":0,"_joinchat":[]},"product_brand":[],"product_cat":[188,26,136],"product_tag":[],"class_list":{"0":"post-2400","1":"product","2":"type-product","3":"status-publish","4":"has-post-thumbnail","6":"product_cat-30-aniversary","7":"product_cat-pokemon","8":"product_cat-pokemon-espanol","10":"first","11":"instock","12":"sale","13":"purchasable","14":"product-type-simple"},"featured_image_urls_v2":{"full":["https:\/\/pokehits.es\/wp-content\/uploads\/2025\/12\/UU.png",1080,1080,false],"thumbnail":["https:\/\/pokehits.es\/wp-content\/uploads\/2025\/12\/UU-150x150.png",150,150,true],"medium":["https:\/\/pokehits.es\/wp-content\/uploads\/2025\/12\/UU-300x300.png",300,300,true],"medium_large":["https:\/\/pokehits.es\/wp-content\/uploads\/2025\/12\/UU-768x768.png",768,768,true],"large":["https:\/\/pokehits.es\/wp-content\/uploads\/2025\/12\/UU-1024x1024.png",1024,1024,true],"1536x1536":["https:\/\/pokehits.es\/wp-content\/uploads\/2025\/12\/UU.png",1080,1080,false],"2048x2048":["https:\/\/pokehits.es\/wp-content\/uploads\/2025\/12\/UU.png",1080,1080,false],"woocommerce_archive_thumbnail":["https:\/\/pokehits.es\/wp-content\/uploads\/2025\/12\/UU-500x500.png",500,500,true],"woocommerce_thumbnail":["https:\/\/pokehits.es\/wp-content\/uploads\/2025\/12\/UU-300x300.png",300,300,true],"woocommerce_single":["https:\/\/pokehits.es\/wp-content\/uploads\/2025\/12\/UU-600x600.png",600,600,true],"woocommerce_gallery_thumbnail":["https:\/\/pokehits.es\/wp-content\/uploads\/2025\/12\/UU-100x100.png",100,100,true]},"post_excerpt_stackable_v2":"<p><strong>Contenido de la Colecci\u00f3n D\u00eda de Pok\u00e9mon 2026<\/strong><\/p>\n<ul>\n<li><strong>1 carta promocional foil exclusiva del 30\u00ba Aniversario de Pok\u00e9mon<\/strong><\/li>\n<li><strong>3 sobres oficiales Pok\u00e9mon TCG<\/strong><\/li>\n<li><strong>1 moneda conmemorativa<\/strong> del <strong>30\u00ba Aniversario de Pok\u00e9mon<\/strong><\/li>\n<li>Posibilidad de obtener <strong>cartas raras, ultra raras, EX, V o foil<\/strong><\/li>\n<li><strong>Elementos conmemorativos del Pok\u00e9mon Day 2026<\/strong><\/li>\n<li><strong>Producto oficial Pok\u00e9mon Trading Card Game<\/strong><\/li>\n<\/ul>\n<p><span style=\"color: #ff0000;\"><strong><em>Aviso Importante: <\/em><\/strong><\/span><span style=\"color: #000000;\"><strong><em>Este art\u00edculo es una preventa. <\/em><\/strong><strong><em>Tiene su fecha de lanzamiento para el 30 de Enero de 2026\u00a0<\/em><\/strong><\/span><br \/>\n<span style=\"color: #000000;\"><strong><em>\u00a1Gracias por su paciencia y por confiar en nosotros!<\/em><\/strong><\/span><\/p>\n","category_list_v2":"","author_info_v2":{"name":"","url":""},"comments_num_v2":"0 comentarios","_links":{"self":[{"href":"https:\/\/pokehits.es\/index.php?rest_route=\/wp\/v2\/product\/2400","targetHints":{"allow":["GET"]}}],"collection":[{"href":"https:\/\/pokehits.es\/index.php?rest_route=\/wp\/v2\/product"}],"about":[{"href":"https:\/\/pokehits.es\/index.php?rest_route=\/wp\/v2\/types\/product"}],"replies":[{"embeddable":true,"href":"https:\/\/pokehits.es\/index.php?rest_route=%2Fwp%2Fv2%2Fcomments&post=2400"}],"wp:featuredmedia":[{"embeddable":true,"href":"https:\/\/pokehits.es\/index.php?rest_route=\/wp\/v2\/media\/3312"}],"wp:attachment":[{"href":"https:\/\/pokehits.es\/index.php?rest_route=%2Fwp%2Fv2%2Fmedia&parent=2400"}],"wp:term":[{"taxonomy":"product_brand","embeddable":true,"href":"https:\/\/pokehits.es\/index.php?rest_route=%2Fwp%2Fv2%2Fproduct_brand&post=2400"},{"taxonomy":"product_cat","embeddable":true,"href":"https:\/\/pokehits.es\/index.php?rest_route=%2Fwp%2Fv2%2Fproduct_cat&post=2400"},{"taxonomy":"product_tag","embeddable":true,"href":"https:\/\/pokehits.es\/index.php?rest_route=%2Fwp%2Fv2%2Fproduct_tag&post=2400"}],"curies":[{"name":"wp","href":"https:\/\/api.w.org\/{rel}","templated":true}]}}