{"id":2288,"date":"2025-12-14T19:27:55","date_gmt":"2025-12-14T18:27:55","guid":{"rendered":"https:\/\/pokehits.es\/?post_type=product&#038;p=2288"},"modified":"2026-01-15T21:44:02","modified_gmt":"2026-01-15T20:44:02","slug":"sobre-booster-pack-megaevolucion-pokemon-tcg-2","status":"publish","type":"product","link":"https:\/\/pokehits.es\/?product=sobre-booster-pack-megaevolucion-pokemon-tcg-2","title":{"rendered":"Sobre Booster Pack Megaevoluci\u00f3n"},"content":{"rendered":"<p><span style=\"color: #000000;\"><strong data-start=\"238\" data-end=\"339\">Expande tu colecci\u00f3n y potencia tus mazos con el Sobre Booster Pack Megaevoluci\u00f3n de Pok\u00e9mon TCG.<\/strong> Ideal para <strong data-start=\"351\" data-end=\"381\">jugadores y coleccionistas<\/strong>, cada sobre ofrece cartas exclusivas y foil de la expansi\u00f3n Megaevoluci\u00f3n para mejorar tu experiencia de juego.<\/span><\/p>\n<p data-start=\"554\" data-end=\"898\"><span style=\"color: #000000;\">El <strong data-start=\"557\" data-end=\"607\">Sobre Booster Pack Megaevoluci\u00f3n \u2013 Pok\u00e9mon TCG<\/strong> contiene <strong data-start=\"617\" data-end=\"670\">10 cartas oficiales de la expansi\u00f3n Megaevoluci\u00f3n<\/strong>, con posibilidad de obtener <strong data-start=\"699\" data-end=\"735\">cartas raras, ultra raras y foil<\/strong>. Es perfecto para <strong data-start=\"754\" data-end=\"799\">ampliar mazos, coleccionar cartas premium<\/strong> o disfrutar de la emoci\u00f3n de abrir sobres individuales sin necesidad de comprar una caja completa.<\/span><\/p>\n<p data-start=\"900\" data-end=\"1048\"><span style=\"color: #000000;\">Este sobre es ideal para <strong data-start=\"925\" data-end=\"968\">jugadores competitivos y coleccionistas<\/strong>, ofreciendo cartas estrat\u00e9gicas y coleccionables de la expansi\u00f3n Megaevoluci\u00f3n.<\/span><\/p>\n","protected":false},"excerpt":{"rendered":"<p data-start=\"1055\" data-end=\"1112\"><span style=\"color: #000000;\"><strong data-start=\"1062\" data-end=\"1112\">Contenido del Sobre Booster Pack Megaevoluci\u00f3n<\/strong><\/span><\/p>\n<ul data-start=\"1114\" data-end=\"1343\">\n<li data-start=\"1114\" data-end=\"1168\">\n<p data-start=\"1116\" data-end=\"1168\"><span style=\"color: #000000;\"><strong data-start=\"1119\" data-end=\"1166\">1 sobre oficial Pok\u00e9mon TCG \u2013 Megaevoluci\u00f3n<\/strong><\/span><\/p>\n<\/li>\n<li data-start=\"1169\" data-end=\"1199\">\n<p data-start=\"1171\" data-end=\"1199\"><span style=\"color: #000000;\"><strong data-start=\"1174\" data-end=\"1197\">10 cartas por sobre<\/strong><\/span><\/p>\n<\/li>\n<li data-start=\"1200\" data-end=\"1271\">\n<p data-start=\"1202\" data-end=\"1271\"><span style=\"color: #000000;\">Posibilidad de obtener <strong data-start=\"1227\" data-end=\"1269\">cartas foil, ultra raras y secret rare<\/strong><\/span><\/p>\n<\/li>\n<li data-start=\"1272\" data-end=\"1343\">\n<p data-start=\"1274\" data-end=\"1343\"><span style=\"color: #000000;\">Incluye <strong data-start=\"1285\" data-end=\"1317\">tarjeta de referencia r\u00e1pida<\/strong> para facilitar el juego<\/span><\/p>\n<\/li>\n<\/ul>\n","protected":false},"featured_media":2274,"comment_status":"open","ping_status":"closed","template":"","meta":{"_monsterinsights_skip_tracking":false,"_monsterinsights_sitenote_active":false,"_monsterinsights_sitenote_note":"","_monsterinsights_sitenote_category":0,"_joinchat":[]},"product_brand":[],"product_cat":[50,51,26],"product_tag":[],"class_list":{"0":"post-2288","1":"product","2":"type-product","3":"status-publish","4":"has-post-thumbnail","6":"product_cat-megaevolution","7":"product_cat-mega-evolution","8":"product_cat-pokemon","10":"first","11":"outofstock","12":"sale","13":"purchasable","14":"product-type-simple"},"featured_image_urls_v2":{"full":["https:\/\/pokehits.es\/wp-content\/uploads\/2025\/11\/Sobres-Megaevolucion.png",1080,1080,false],"thumbnail":["https:\/\/pokehits.es\/wp-content\/uploads\/2025\/11\/Sobres-Megaevolucion-150x150.png",150,150,true],"medium":["https:\/\/pokehits.es\/wp-content\/uploads\/2025\/11\/Sobres-Megaevolucion-300x300.png",300,300,true],"medium_large":["https:\/\/pokehits.es\/wp-content\/uploads\/2025\/11\/Sobres-Megaevolucion-768x768.png",768,768,true],"large":["https:\/\/pokehits.es\/wp-content\/uploads\/2025\/11\/Sobres-Megaevolucion-1024x1024.png",1024,1024,true],"1536x1536":["https:\/\/pokehits.es\/wp-content\/uploads\/2025\/11\/Sobres-Megaevolucion.png",1080,1080,false],"2048x2048":["https:\/\/pokehits.es\/wp-content\/uploads\/2025\/11\/Sobres-Megaevolucion.png",1080,1080,false],"woocommerce_archive_thumbnail":["https:\/\/pokehits.es\/wp-content\/uploads\/2025\/11\/Sobres-Megaevolucion-500x500.png",500,500,true],"woocommerce_thumbnail":["https:\/\/pokehits.es\/wp-content\/uploads\/2025\/11\/Sobres-Megaevolucion-300x300.png",300,300,true],"woocommerce_single":["https:\/\/pokehits.es\/wp-content\/uploads\/2025\/11\/Sobres-Megaevolucion-600x600.png",600,600,true],"woocommerce_gallery_thumbnail":["https:\/\/pokehits.es\/wp-content\/uploads\/2025\/11\/Sobres-Megaevolucion-100x100.png",100,100,true]},"post_excerpt_stackable_v2":"<p data-start=\"1055\" data-end=\"1112\"><span style=\"color: #000000;\"><strong data-start=\"1062\" data-end=\"1112\">Contenido del Sobre Booster Pack Megaevoluci\u00f3n<\/strong><\/span><\/p>\n<ul data-start=\"1114\" data-end=\"1343\">\n<li data-start=\"1114\" data-end=\"1168\">\n<p data-start=\"1116\" data-end=\"1168\"><span style=\"color: #000000;\"><strong data-start=\"1119\" data-end=\"1166\">1 sobre oficial Pok\u00e9mon TCG \u2013 Megaevoluci\u00f3n<\/strong><\/span><\/p>\n<\/li>\n<li data-start=\"1169\" data-end=\"1199\">\n<p data-start=\"1171\" data-end=\"1199\"><span style=\"color: #000000;\"><strong data-start=\"1174\" data-end=\"1197\">10 cartas por sobre<\/strong><\/span><\/p>\n<\/li>\n<li data-start=\"1200\" data-end=\"1271\">\n<p data-start=\"1202\" data-end=\"1271\"><span style=\"color: #000000;\">Posibilidad de obtener <strong data-start=\"1227\" data-end=\"1269\">cartas foil, ultra raras y secret rare<\/strong><\/span><\/p>\n<\/li>\n<li data-start=\"1272\" data-end=\"1343\">\n<p data-start=\"1274\" data-end=\"1343\"><span style=\"color: #000000;\">Incluye <strong data-start=\"1285\" data-end=\"1317\">tarjeta de referencia r\u00e1pida<\/strong> para facilitar el juego<\/span><\/p>\n<\/li>\n<\/ul>\n","category_list_v2":"","author_info_v2":{"name":"","url":""},"comments_num_v2":"0 comentarios","_links":{"self":[{"href":"https:\/\/pokehits.es\/index.php?rest_route=\/wp\/v2\/product\/2288","targetHints":{"allow":["GET"]}}],"collection":[{"href":"https:\/\/pokehits.es\/index.php?rest_route=\/wp\/v2\/product"}],"about":[{"href":"https:\/\/pokehits.es\/index.php?rest_route=\/wp\/v2\/types\/product"}],"replies":[{"embeddable":true,"href":"https:\/\/pokehits.es\/index.php?rest_route=%2Fwp%2Fv2%2Fcomments&post=2288"}],"wp:featuredmedia":[{"embeddable":true,"href":"https:\/\/pokehits.es\/index.php?rest_route=\/wp\/v2\/media\/2274"}],"wp:attachment":[{"href":"https:\/\/pokehits.es\/index.php?rest_route=%2Fwp%2Fv2%2Fmedia&parent=2288"}],"wp:term":[{"taxonomy":"product_brand","embeddable":true,"href":"https:\/\/pokehits.es\/index.php?rest_route=%2Fwp%2Fv2%2Fproduct_brand&post=2288"},{"taxonomy":"product_cat","embeddable":true,"href":"https:\/\/pokehits.es\/index.php?rest_route=%2Fwp%2Fv2%2Fproduct_cat&post=2288"},{"taxonomy":"product_tag","embeddable":true,"href":"https:\/\/pokehits.es\/index.php?rest_route=%2Fwp%2Fv2%2Fproduct_tag&post=2288"}],"curies":[{"name":"wp","href":"https:\/\/api.w.org\/{rel}","templated":true}]}}