{"id":1332,"date":"2025-07-21T13:15:27","date_gmt":"2025-07-21T11:15:27","guid":{"rendered":"https:\/\/pokehits.es\/?page_id=1332"},"modified":"2025-07-21T13:15:27","modified_gmt":"2025-07-21T11:15:27","slug":"politica-de-cookies","status":"publish","type":"page","link":"https:\/\/pokehits.es\/?page_id=1332","title":{"rendered":"Pol\u00edtica de Cookies"},"content":{"rendered":"\n<h2 class=\"wp-block-heading\">\u00bfQu\u00e9 son las cookies?<\/h2>\n\n\n\n<p>Una cookie es un peque\u00f1o archivo de texto que un sitio web guarda en su navegador cuando lo visitas. Su utilidad es que la web sea capaz de recordar tu visita cuando vuelvas a navegar por esa p\u00e1gina. Las cookies suelen almacenar informaci\u00f3n de car\u00e1cter t\u00e9cnico, preferencias personales, personalizaci\u00f3n de contenidos, estad\u00edsticas de uso, enlaces a redes sociales, acceso a cuentas de usuario, etc.<\/p>\n\n\n\n<p>El objetivo de la cookie es adaptar el contenido de la web a tu perfil y necesidades. Sin cookies, los servicios ofrecidos por cualquier p\u00e1gina se ver\u00edan mermados notablemente.<\/p>\n\n\n\n<h2 class=\"wp-block-heading\">Tipos de cookies<\/h2>\n\n\n\n<h3 class=\"wp-block-heading\">Seg\u00fan la entidad que las gestione:<\/h3>\n\n\n\n<ul class=\"wp-block-list\">\n<li><strong>Cookies propias<\/strong>: Son las generadas por la propia p\u00e1gina web que est\u00e1s visitando.<\/li>\n\n\n\n<li><strong>Cookies de terceros<\/strong>: Son las generadas por servicios o proveedores externos como Google Analytics, redes sociales, etc.<\/li>\n<\/ul>\n\n\n\n<h3 class=\"wp-block-heading\">Seg\u00fan el plazo de tiempo que permanecen activadas:<\/h3>\n\n\n\n<ul class=\"wp-block-list\">\n<li><strong>Cookies de sesi\u00f3n<\/strong>: Recaban y almacenan datos mientras el usuario accede a una p\u00e1gina web.<\/li>\n\n\n\n<li><strong>Cookies persistentes<\/strong>: Los datos siguen almacenados en el terminal y pueden ser accedidos y tratados durante un periodo definido.<\/li>\n<\/ul>\n\n\n\n<h3 class=\"wp-block-heading\">Seg\u00fan su finalidad:<\/h3>\n\n\n\n<ul class=\"wp-block-list\">\n<li><strong>Cookies t\u00e9cnicas<\/strong>: Permiten al usuario la navegaci\u00f3n a trav\u00e9s de la web, plataforma o aplicaci\u00f3n y la utilizaci\u00f3n de las diferentes opciones o servicios que en ella existan.<\/li>\n\n\n\n<li><strong>Cookies de personalizaci\u00f3n<\/strong>: Permiten acceder al servicio con algunas caracter\u00edsticas de car\u00e1cter general predefinidas.<\/li>\n\n\n\n<li><strong>Cookies de an\u00e1lisis<\/strong>: Permiten el seguimiento y an\u00e1lisis del comportamiento de los usuarios en los sitios web.<\/li>\n\n\n\n<li><strong>Cookies publicitarias<\/strong>: Permiten la gesti\u00f3n de los espacios publicitarios.<\/li>\n\n\n\n<li><strong>Cookies de publicidad comportamental<\/strong>: Almacenan informaci\u00f3n del comportamiento de los usuarios a trav\u00e9s de la observaci\u00f3n continuada.<\/li>\n<\/ul>\n\n\n\n<h2 class=\"wp-block-heading\">Cookies utilizadas en este sitio web<\/h2>\n\n\n\n<p>En\u00a0<a href=\"https:\/\/pokehits.es\/\">https:\/\/pokehits.es\/<\/a>\u00a0utilizamos cookies propias y de terceros para los siguientes fines:<\/p>\n\n\n\n<figure class=\"wp-block-table\"><table class=\"has-fixed-layout\"><thead><tr><th>Tipo de Cookie<\/th><th>Finalidad<\/th><th>Duraci\u00f3n<\/th><th>Titular<\/th><\/tr><\/thead><tbody><tr><td>T\u00e9cnica<\/td><td>Navegaci\u00f3n y funcionamiento b\u00e1sico de la web<\/td><td>Sesi\u00f3n<\/td><td>Propia<\/td><\/tr><tr><td>An\u00e1lisis<\/td><td>An\u00e1lisis estad\u00edstico del uso del sitio web (por ejemplo, mediante Google Analytics)<\/td><td>Persistente<\/td><td>Terceros (Google)<\/td><\/tr><tr><td>Personalizaci\u00f3n<\/td><td>Guardar preferencias de idioma o visualizaci\u00f3n<\/td><td>Persistente<\/td><td>Propia<\/td><\/tr><tr><td>Publicitaria (si aplica)<\/td><td>Mostrar anuncios relevantes basados en intereses del usuario<\/td><td>Persistente<\/td><td>Terceros (Google, Meta, etc.)<\/td><\/tr><\/tbody><\/table><\/figure>\n\n\n\n<p><strong>Nota:<\/strong>&nbsp;Si usas servicios de terceros como YouTube, Google Maps o redes sociales integradas, pueden instalar cookies adicionales.<\/p>\n\n\n\n<h2 class=\"wp-block-heading\">\u00bfC\u00f3mo desactivar o eliminar las cookies?<\/h2>\n\n\n\n<p>Puedes permitir, bloquear o eliminar las cookies instaladas en tu equipo mediante la configuraci\u00f3n de las opciones del navegador que utilices:<\/p>\n\n\n\n<ul class=\"wp-block-list\">\n<li><a>Google Chrome<\/a><\/li>\n\n\n\n<li><a class=\"\" href=\"https:\/\/support.mozilla.org\/es\/kb\/habilitar-y-deshabilitar-cookies-sitios-web-rastrear-preferencias\">Mozilla Firefox<\/a><\/li>\n\n\n\n<li><a class=\"\" href=\"https:\/\/support.apple.com\/es-es\/HT201265\">Safari<\/a><\/li>\n\n\n\n<li><a class=\"\" href=\"https:\/\/support.microsoft.com\/es-es\/help\/17442\/windows-internet-explorer-delete-manage-cookies\">Microsoft Edge<\/a><\/li>\n<\/ul>\n\n\n\n<h2 class=\"wp-block-heading\">Consentimiento<\/h2>\n\n\n\n<p>Al navegar y continuar en nuestro sitio web, consientes el uso de las cookies antes descritas, en las condiciones contenidas en esta Pol\u00edtica de Cookies.<\/p>\n\n\n\n<p>Puedes cambiar tu consentimiento en cualquier momento desde el panel de configuraci\u00f3n de cookies de esta web o configurando tu navegador.<\/p>\n\n\n\n<h2 class=\"wp-block-heading\">Cambios en la pol\u00edtica de cookies<\/h2>\n\n\n\n<p><a href=\"https:\/\/pokehits.es\/\">https:\/\/pokehits.es\/<\/a> puede modificar esta Pol\u00edtica de Cookies en funci\u00f3n de exigencias legislativas o reglamentarias, o con la finalidad de adaptarla a las instrucciones dictadas por la Agencia Espa\u00f1ola de Protecci\u00f3n de Datos.<\/p>\n\n\n\n<p>Te recomendamos revisarla peri\u00f3dicamente.&nbsp;<\/p>\n","protected":false},"excerpt":{"rendered":"<p>\u00bfQu\u00e9 son las cookies? Una cookie es un peque\u00f1o archivo de texto que un sitio web guarda en su navegador cuando lo visitas. Su utilidad es que la web sea capaz de recordar tu visita cuando vuelvas a navegar por esa p\u00e1gina. Las cookies suelen almacenar informaci\u00f3n de car\u00e1cter t\u00e9cnico, preferencias personales, personalizaci\u00f3n de contenidos, [&hellip;]<\/p>\n","protected":false},"author":1,"featured_media":0,"parent":0,"menu_order":0,"comment_status":"closed","ping_status":"closed","template":"","meta":{"_monsterinsights_skip_tracking":false,"_monsterinsights_sitenote_active":false,"_monsterinsights_sitenote_note":"","_monsterinsights_sitenote_category":0,"_joinchat":[],"footnotes":""},"class_list":["post-1332","page","type-page","status-publish","hentry"],"blocksy_meta":[],"featured_image_urls_v2":{"full":"","thumbnail":"","medium":"","medium_large":"","large":"","1536x1536":"","2048x2048":"","woocommerce_archive_thumbnail":"","woocommerce_thumbnail":"","woocommerce_single":"","woocommerce_gallery_thumbnail":""},"post_excerpt_stackable_v2":"<p>\u00bfQu\u00e9 son las cookies? Una cookie es un peque\u00f1o archivo de texto que un sitio web guarda en su navegador cuando lo visitas. Su utilidad es que la web sea capaz de recordar tu visita cuando vuelvas a navegar por esa p\u00e1gina. Las cookies suelen almacenar informaci\u00f3n de car\u00e1cter t\u00e9cnico, preferencias personales, personalizaci\u00f3n de contenidos, estad\u00edsticas de uso, enlaces a redes sociales, acceso a cuentas de usuario, etc. El objetivo de la cookie es adaptar el contenido de la web a tu perfil y necesidades. Sin cookies, los servicios ofrecidos por cualquier p\u00e1gina se ver\u00edan mermados notablemente. Tipos de cookies&hellip;<\/p>\n","category_list_v2":"","author_info_v2":{"name":"planethobbytcg@gmail.com","url":"https:\/\/pokehits.es\/?author=1"},"comments_num_v2":"0 comentarios","_links":{"self":[{"href":"https:\/\/pokehits.es\/index.php?rest_route=\/wp\/v2\/pages\/1332","targetHints":{"allow":["GET"]}}],"collection":[{"href":"https:\/\/pokehits.es\/index.php?rest_route=\/wp\/v2\/pages"}],"about":[{"href":"https:\/\/pokehits.es\/index.php?rest_route=\/wp\/v2\/types\/page"}],"author":[{"embeddable":true,"href":"https:\/\/pokehits.es\/index.php?rest_route=\/wp\/v2\/users\/1"}],"replies":[{"embeddable":true,"href":"https:\/\/pokehits.es\/index.php?rest_route=%2Fwp%2Fv2%2Fcomments&post=1332"}],"version-history":[{"count":1,"href":"https:\/\/pokehits.es\/index.php?rest_route=\/wp\/v2\/pages\/1332\/revisions"}],"predecessor-version":[{"id":1334,"href":"https:\/\/pokehits.es\/index.php?rest_route=\/wp\/v2\/pages\/1332\/revisions\/1334"}],"wp:attachment":[{"href":"https:\/\/pokehits.es\/index.php?rest_route=%2Fwp%2Fv2%2Fmedia&parent=1332"}],"curies":[{"name":"wp","href":"https:\/\/api.w.org\/{rel}","templated":true}]}}