{"id":1328,"date":"2025-07-21T13:12:33","date_gmt":"2025-07-21T11:12:33","guid":{"rendered":"https:\/\/pokehits.es\/?page_id=1328"},"modified":"2025-12-18T13:53:37","modified_gmt":"2025-12-18T12:53:37","slug":"politica-de-privacidad","status":"publish","type":"page","link":"https:\/\/pokehits.es\/?page_id=1328","title":{"rendered":"Pol\u00edtica de Privacidad"},"content":{"rendered":"\n<p>La presente Pol\u00edtica de Privacidad regula la recogida y tratamiento de los datos personales que sean proporcionados por los usuarios, cuando accedan, naveguen o hagan uso de las funcionalidades en el Sitio Web accesible desde la URL:\u00a0<a href=\"https:\/\/pokehits.es\/\">https:\/\/pokehits.es\/<\/a>(en adelante, el sitio web, sitio, p\u00e1gina web, web). Cuando para la utilizaci\u00f3n o solicitud de alg\u00fan servicio sea necesario facilitar datos de car\u00e1cter personal, los usuarios garantizar\u00e1n su veracidad, exactitud, autenticidad y vigencia. En este sentido, ser\u00e1 obligaci\u00f3n de los usuarios mantener actualizados los datos de forma tal que correspondan a la realidad en cada momento. Recogida de datos, finalidades, base de legitimaci\u00f3n y plazos de conservaci\u00f3n: La aceptaci\u00f3n de esta Pol\u00edtica de Privacidad significa que el Usuario faculta\u00a0POKEHITS,\u00a0y domicilio en\u00a0Toledo, Cerro Marrero, 4 (Portal 1 \/ Bajo B), (45211) Recas, Toledo como titular del Sitio Web, en virtud de contrato de cesi\u00f3n de p\u00e1gina web existente para realizar el tratamiento de sus datos e incluirlos en un registro de tratamientos de su responsabilidad, para los fines estipulados a continuaci\u00f3n:\u00a0<\/p>\n\n\n\n<p>\u2022 Contacto: El usuario puede ponerse en contacto con\u00a0POKEHITS, a trav\u00e9s de los formularios establecidos a tal efecto en el sitio web. Para ello, deber\u00e1 facilitar a\u00a0Adri\u00e1n Mart\u00ednez Leira\u00a0informaci\u00f3n sobre el tipo de consulta, su nombre y apellidos, pa\u00eds desde el que realiza la consulta, su correo electr\u00f3nico, tel\u00e9fono, as\u00ed como el motivo de la consulta que desea realizar.\u00a0POKEHITS\u00a0utilizar\u00e1 esos datos para tramitar la consulta y contactar con el Usuario. La base jur\u00eddica del tratamiento de tales datos se sustenta en el consentimiento del Usuario. El plazo de conservaci\u00f3n de los datos para esta finalidad ser\u00e1 de un a\u00f1o, salvo que sean aplicables otros plazos.<\/p>\n\n\n\n<p>\u2022 Registro: Para el registro online en el sitio web, ser\u00e1 necesario que el usuario proporcione sus datos identificativos, como nombre, apellidos y correo electr\u00f3nico. Dichos datos ser\u00e1n tratados por\u00a0POKEHITS\u00a0para dar acceso al Usuario a su \u00e1rea privada dentro del sitio web y permitirle el uso de las funcionalidades de su cuenta personal. La base jur\u00eddica del tratamiento de tales datos se sustenta en el consentimiento del Usuario. Sus datos ser\u00e1n conservados mientras el Usuario se encuentre Registrado.<\/p>\n\n\n\n<p>\u2022 Compra: Para llevar a cabo el proceso de compra de productos\u00a0POKEHITS\u00a0(tanto online como a trav\u00e9s del canal de Televenta\/ Venta Telef\u00f3nica), el usuario deber\u00e1 facilitar datos personales que ser\u00e1n tratados por\u00a0POKEHITS\u00a0para las siguientes finalidades;<\/p>\n\n\n\n<p>\u2022&nbsp;Gestionar los env\u00edos, pagos y cobros, as\u00ed como para prestar otros servicios relacionados con la misma como la ejecuci\u00f3n de garant\u00edas, devoluciones, etc, y para informarte de la situaci\u00f3n de tu pedido por correo electr\u00f3nico y\/o dispositivo m\u00f3vil en su caso, o cualquier otro canal disponible en cada momento. La base jur\u00eddica del tratamiento de tales datos se sustenta en la ejecuci\u00f3n del contrato de compraventa.<\/p>\n\n\n\n<p>\u2022&nbsp;Contactar contigo en relaci\u00f3n a actualizaciones o comunicaciones informativas relacionadas con las funcionalidades, productos o servicios contratados, incluyendo el env\u00edo de encuestas de calidad sobre los productos o servicios prestados. La base jur\u00eddica del tratamiento de tales datos se sustenta en la ejecuci\u00f3n del contrato de compraventa y tu propio consentimiento.<\/p>\n\n\n\n<p>\u2022&nbsp;Con fines de facturaci\u00f3n y para poner a tu disposici\u00f3n los tickets y facturas de las compras que hayas realizado en la Plataforma. La base jur\u00eddica del tratamiento de tales datos se sustenta en el cumplimiento de una obligaci\u00f3n legal.<\/p>\n\n\n\n<p>Trataremos tus datos durante el tiempo necesario para gestionar la compra de los productos o servicios que hayas adquirido, incluyendo posibles devoluciones, quejas o reclamaciones asociadas a la compra del producto o servicio en particular y en todo caso se podr\u00e1n conservar por un plazo de&nbsp;un a\u00f1o, salvo que sean aplicables otros plazos legales.<\/p>\n\n\n\n<p>\u2022 Newsletters: El usuario puede, facilitar su direcci\u00f3n de correo electr\u00f3nico, y en su caso, sus datos identificativos, para formar parte de POKEHITS\u00a0y suscribirse a la Newsletter, con la finalidad de por un lado, beneficiarse de las ventajas asociadas a POKEHITS, como por otro lado suscribirse a las novedades, promociones y noticias de\u00a0POKEHITS, para recibir peri\u00f3dicamente comunicaciones en su correo electr\u00f3nico y\/o dispositivo m\u00f3vil (en su caso), as\u00ed como gestionar su suscripci\u00f3n, incluyendo el env\u00edo de informaci\u00f3n personalizada acerca de nuestros productos o servicios.<\/p>\n\n\n\n<p>\u2022 Cookies: El sitio web dispone de tecnolog\u00eda para la implantaci\u00f3n de archivos denominados cookies en el equipo que sea utilizado para el acceso y navegaci\u00f3n por el&nbsp;<a href=\"https:\/\/pokehits.es\/\">https:\/\/pokehits.es\/<\/a>. Las cookies pueden ser bloqueadas o deshabilitadas en cualquier momento a trav\u00e9s de las opciones de configuraci\u00f3n del navegador, y se utilizan para mejorar su experiencia de navegaci\u00f3n en nuestra web, analizar la&nbsp;navegaci\u00f3n de los usuarios y poder ofrecerle contenidos personalizados. Si desea m\u00e1s informaci\u00f3n puede consultar nuestra pol\u00edtica de Cookies. La base jur\u00eddica del tratamiento de tales datos se sustenta en el consentimiento del usuario.<\/p>\n\n\n\n<p>\u2022 Fotograf\u00edas:&nbsp;Al enviarnos&nbsp;una fotograf\u00eda, nos cedes los derechos de propiedad intelectual en los t\u00e9rminos m\u00e1s amplios y nos das tu consentimiento para utilizar tu imagen sin limitaci\u00f3n alguna para cualquier fin comercial o publicitario, difundirla, etc.<\/p>\n\n\n\n<p>\u2022 Publicidad: si el usuario lo autoriza expresamente,\u00a0POKEHITS\u00a0podr\u00e1 enviarle publicidad de los servicios y\/o promociones disponibles en \u00a0<a href=\"https:\/\/pokehits.es\/\">https:\/\/pokehits.es\/<\/a>, como por ejemplo novedades y\/o descuentos entre otros. Podr\u00e1 revocar dicho consentimiento en cualquier momento. La base jur\u00eddica del tratamiento de tales datos se sustenta en el consentimiento del usuario. Adem\u00e1s, cuando el usuario realice una compra a trav\u00e9s de <a href=\"https:\/\/pokehits.es\/\">https:\/\/pokehits.es\/<\/a> podremos remitirle comunicaciones comerciales sobre los productos de nuestra empresa, en la medida en que sean similares a los adquiridos, y salvo que nos indique lo contrario a trav\u00e9s del procedimiento habilitado a tal efecto. La base jur\u00eddica del tratamiento es el inter\u00e9s leg\u00edtimo. El plazo de conservaci\u00f3n de los datos ser\u00e1 de\u00a012\u00a0meses desde la \u00faltima vez que el usuario interact\u00fae con nosotros.<\/p>\n\n\n\n<p>\u00bfCon qui\u00e9n compartimos tus datos?<\/p>\n\n\n\n<p>Es posible que compartamos tus datos con prestadores de servicios que nos ayudan o dan soporte en los diferentes servicios que ofrecemos, as\u00ed como dada la vinculaci\u00f3n de\u00a0POKEHITS\u00a0con otras empresas del grupo, tambi\u00e9n es posible que compartamos tus datos con \u00e9stas. Concretamente, entre otros, es posible que compartamos tus datos con:\u00a0<\/p>\n\n\n\n<p>\u2022 Entidades financieras,<\/p>\n\n\n\n<p>\u2022 Proveedores de servicios tecnol\u00f3gicos, as\u00ed como de servicios de almacenamiento,<\/p>\n\n\n\n<p>\u2022 Proveedores y colaboradores de servicios de log\u00edstica y transporte,<\/p>\n\n\n\n<p>\u2022 Proveedores y colaboradores de servicios relacionados con marketing y publicidad,<\/p>\n\n\n\n<p>Ejercicio de derechos.<\/p>\n\n\n\n<p>Asimismo, el usuario puede revocar el consentimiento para el tratamiento, haciendo ejercicio de los derechos de acceso, rectificaci\u00f3n, supresi\u00f3n, portabilidad, oposici\u00f3n y limitaci\u00f3n al tratamiento, poni\u00e9ndolo en conocimiento de\u00a0POKEHITS\u00a0a trav\u00e9s de un correo electr\u00f3nico dirigido a planethobbytcg@gmail.com\u00a0o indic\u00e1ndolo a la direcci\u00f3n f\u00edsica arriba indicada, se\u00f1alando como asunto \u201cProtecci\u00f3n de Datos\u201d. En ambos casos, la comunicaci\u00f3n deber\u00e1 ir acompa\u00f1ada de cualquier documento oficial que permita la identificaci\u00f3n, para evitar el acceso de sus datos por parte de terceros. Por \u00faltimo, el usuario podr\u00e1 comunicar cualquier modificaci\u00f3n por escrito o solicitar la baja, indic\u00e1ndolo en cualquiera de las direcciones facilitadas. En cualquier momento, el usuario podr\u00e1 presentar una reclamaci\u00f3n ante la autoridad de control.\u00a0<\/p>\n\n\n\n<p>Modificaci\u00f3n de la Pol\u00edtica de privacidad\u00a0POKEHITS se reserva el derecho de modificar en cualquier momento su pol\u00edtica de privacidad, respetando la legislaci\u00f3n vigente en materia de protecci\u00f3n de datos y previa la debida comunicaci\u00f3n a los interesados. Idioma aplicable a la presente pol\u00edtica de privacidad El idioma aplicable a esta Pol\u00edtica de Privacidad es el espa\u00f1ol. Cualquier versi\u00f3n de la misma en idioma distinto es ofrecida para comodidad del Usuario y para facilitar su comprensi\u00f3n. No obstante, esta Pol\u00edtica de Privacidad se regir\u00e1 siempre por su versi\u00f3n en espa\u00f1ol. En caso de contradicci\u00f3n entre la Pol\u00edtica de Privacidad en cualquier idioma y su versi\u00f3n en espa\u00f1ol, prevalecer\u00e1 la versi\u00f3n en espa\u00f1ol.<\/p>\n\n\n\n<p><\/p>\n","protected":false},"excerpt":{"rendered":"<p>La presente Pol\u00edtica de Privacidad regula la recogida y tratamiento de los datos personales que sean proporcionados por los usuarios, cuando accedan, naveguen o hagan uso de las funcionalidades en el Sitio Web accesible desde la URL:\u00a0https:\/\/pokehits.es\/(en adelante, el sitio web, sitio, p\u00e1gina web, web). Cuando para la utilizaci\u00f3n o solicitud de alg\u00fan servicio sea [&hellip;]<\/p>\n","protected":false},"author":1,"featured_media":0,"parent":0,"menu_order":0,"comment_status":"closed","ping_status":"closed","template":"","meta":{"_monsterinsights_skip_tracking":false,"_monsterinsights_sitenote_active":false,"_monsterinsights_sitenote_note":"","_monsterinsights_sitenote_category":0,"_joinchat":[],"footnotes":""},"class_list":["post-1328","page","type-page","status-publish","hentry"],"blocksy_meta":[],"featured_image_urls_v2":{"full":"","thumbnail":"","medium":"","medium_large":"","large":"","1536x1536":"","2048x2048":"","woocommerce_archive_thumbnail":"","woocommerce_thumbnail":"","woocommerce_single":"","woocommerce_gallery_thumbnail":""},"post_excerpt_stackable_v2":"<p>La presente Pol\u00edtica de Privacidad regula la recogida y tratamiento de los datos personales que sean proporcionados por los usuarios, cuando accedan, naveguen o hagan uso de las funcionalidades en el Sitio Web accesible desde la URL:\u00a0https:\/\/pokehits.es\/(en adelante, el sitio web, sitio, p\u00e1gina web, web). Cuando para la utilizaci\u00f3n o solicitud de alg\u00fan servicio sea necesario facilitar datos de car\u00e1cter personal, los usuarios garantizar\u00e1n su veracidad, exactitud, autenticidad y vigencia. En este sentido, ser\u00e1 obligaci\u00f3n de los usuarios mantener actualizados los datos de forma tal que correspondan a la realidad en cada momento. Recogida de datos, finalidades, base de legitimaci\u00f3n&hellip;<\/p>\n","category_list_v2":"","author_info_v2":{"name":"planethobbytcg@gmail.com","url":"https:\/\/pokehits.es\/?author=1"},"comments_num_v2":"0 comentarios","_links":{"self":[{"href":"https:\/\/pokehits.es\/index.php?rest_route=\/wp\/v2\/pages\/1328","targetHints":{"allow":["GET"]}}],"collection":[{"href":"https:\/\/pokehits.es\/index.php?rest_route=\/wp\/v2\/pages"}],"about":[{"href":"https:\/\/pokehits.es\/index.php?rest_route=\/wp\/v2\/types\/page"}],"author":[{"embeddable":true,"href":"https:\/\/pokehits.es\/index.php?rest_route=\/wp\/v2\/users\/1"}],"replies":[{"embeddable":true,"href":"https:\/\/pokehits.es\/index.php?rest_route=%2Fwp%2Fv2%2Fcomments&post=1328"}],"version-history":[{"count":2,"href":"https:\/\/pokehits.es\/index.php?rest_route=\/wp\/v2\/pages\/1328\/revisions"}],"predecessor-version":[{"id":2709,"href":"https:\/\/pokehits.es\/index.php?rest_route=\/wp\/v2\/pages\/1328\/revisions\/2709"}],"wp:attachment":[{"href":"https:\/\/pokehits.es\/index.php?rest_route=%2Fwp%2Fv2%2Fmedia&parent=1328"}],"curies":[{"name":"wp","href":"https:\/\/api.w.org\/{rel}","templated":true}]}}