{"id":1324,"date":"2025-07-21T12:56:47","date_gmt":"2025-07-21T10:56:47","guid":{"rendered":"https:\/\/pokehits.es\/?page_id=1324"},"modified":"2025-12-18T13:51:05","modified_gmt":"2025-12-18T12:51:05","slug":"aviso-legal","status":"publish","type":"page","link":"https:\/\/pokehits.es\/?page_id=1324","title":{"rendered":"Aviso Legal"},"content":{"rendered":"\n<p>Bienvenidos a la p\u00e1gina web\u00a0oficial de POKEHITS, d\u00f3nde podr\u00e1s\u00a0adquirir una de sus piezas directamente o realizar un encargo personalizado.<\/p>\n\n\n\n<p>Te recomendamos que cada vez que nos visites revises las Condiciones de compra, devoluciones y env\u00edos ya que nos reservamos el derecho de introducir cuantos cambios y modificaciones estimemos oportunos para mejorar vuestra experiencia de compra online.<\/p>\n\n\n\n<p>2. TITULARIDAD DE LA P\u00c1GINA WEB<br>En cumplimiento del deber de informaci\u00f3n recogido en el art\u00edculo 10 de la Ley 34\/2002, de 11 de julio de Servicios de la Sociedad de la Informaci\u00f3n y del Comercio Electr\u00f3nico, a continuaci\u00f3n se reflejan los siguientes datos:<\/p>\n\n\n\n<p>POKEHITS:<\/p>\n\n\n\n<p>El propietario&nbsp;de los derechos del dominio y del sitio web es&nbsp;Adri\u00e1n Mart\u00ednez Leira.<\/p>\n\n\n\n<p>Nuestra direcci\u00f3n f\u00edscal: Cerro Marrero, 4 (Portal 1 \/ Bajo B), (45211) Recas, Toledo<\/p>\n\n\n\n<p>Para cualquier comunicaci\u00f3n online, puedes localizarnos tambi\u00e9n en la direcci\u00f3n electr\u00f3nica\u00a0pokehiits@gmail.com.<\/p>\n\n\n\n<p>3. OBJETO<br>POKEHITS\u00a0pone a disposici\u00f3n de todos los usuarios la actual p\u00e1gina web destinada a la comercializaci\u00f3n online de\u00a0esculturas \u00fanicas, elaborados principalmente en\u00a0acero\u00a0y dedicados a todo aquel amante del arte.<\/p>\n\n\n\n<p>La p\u00e1gina web est\u00e1 disponible en 1 idioma: espa\u00f1ol. Siendo accesible desde cualquier navegador y\/o dispositivo m\u00f3vil.<\/p>\n\n\n\n<p>4. ACEPTACI\u00d3N Y CONDICIONES DE USO<br>Por favor lee atentamente las presentes Condiciones de uso y contrataci\u00f3n en cada una de las ocasiones en que se proponga utilizar el sitio web, ya que pueden sufrir modificaciones y pueden afectar a sus derechos y obligaciones legales.<\/p>\n\n\n\n<p>POKEHITS\u00a0se reserva el derecho de modificar las condiciones de uso y contrataci\u00f3n y la pol\u00edtica de privacidad de la\u00a0pagina\u00a0web en funci\u00f3n de la legislaci\u00f3n o de pol\u00edticas de empresa, siendo obligaci\u00f3n de los usuarios revisar las mismas peri\u00f3dicamente o cada vez que accedan al sitio web.<\/p>\n\n\n\n<p>Al acceder como usuario, navegar y utilizar nuestra p\u00e1gina web y\/o nuestros servicios aceptas haber le\u00eddo, entendido y estar conforme con las presentes Condiciones de compra de nuestra p\u00e1gina web en el momento que accedas a ella.<br>En caso de no estar de acuerdo con el contenido de las presentes Condiciones de compra deber\u00e1s abandonar esta p\u00e1gina web, no pudiendo acceder ni disponer de los productos que se ofrecen.<\/p>\n\n\n\n<p>5. USUARIO<br>La navegaci\u00f3n a trav\u00e9s del sitio web le atribuye la condici\u00f3n de usuario (en adelante, el \u201cusuario\u201d) e implica la aceptaci\u00f3n plena y sin reservas de todas y cada una de las disposiciones incluidas en este sitio web en el momento mismo en que el usted acceda.<\/p>\n\n\n\n<p>El usuario declara ser mayor de edad y disponer de la capacidad jur\u00eddica suficiente para vincularse por las presentes Condiciones de uso. Igualmente, acepta de forma expresa y sin excepciones que el acceso y la utilizaci\u00f3n de la actual p\u00e1gina web, de sus servicios, producto y contenidos de dichos servicios tiene lugar bajo su \u00fanica y exclusiva responsabilidad.<\/p>\n\n\n\n<p>El Usuario se obliga a no falsear su identidad haci\u00e9ndose pasar por otra persona.<\/p>\n\n\n\n<p>El Usuario reconoce y acepta el uso que realizar\u00e1 de nuestra p\u00e1gina web, lo ser\u00e1 con fines personales, privados y particulares. Quedando expresamente prohibido que el Usuario autorice a terceros el uso total o parcial de la Web o que introduzca o incorpore como una actividad empresarial propia los contenidos, productos y\/o servicios que incorporemos en nuestra Web.<\/p>\n\n\n\n<p>El Usuario se compromete a no utilizar la p\u00e1gina Web, los contenidos de la misma y\/o los productos en ella ofrecidos, para la realizaci\u00f3n de actividades contrarias a la Ley, a la moral, a las buenas costumbres o al orden p\u00fablico y\/o con fines o efectos il\u00edcitos, prohibidos o lesivos de derechos e intereses de terceros.<\/p>\n\n\n\n<p>6. ENLACES<br>POKEHITS\u00a0no se hace responsable de ninguna de las informaciones, venta de productos online, opiniones y otros conceptos que se emitan, publiquen, vendan o distribuyan a trav\u00e9s de cualquier p\u00e1gina Web interconectada y a la que se acceda a trav\u00e9s de la p\u00e1gina web\u00a0pokehits.es por medio de enlaces.<\/p>\n\n\n\n<p>El establecimiento del enlace no implica la existencia de relaci\u00f3n alguna entre POKEHITS y el propietario de la Web enlazada, como tampoco supone la aceptaci\u00f3n y aprobaci\u00f3n de los contenidos y\/o servicios ofrecidos por este tercero, siendo su propietario el \u00fanico responsable de los mismos.<\/p>\n\n\n\n<p>El Usuario por tanto, deber\u00e1 extremar la prudencia en la valoraci\u00f3n y utilizaci\u00f3n de la informaci\u00f3n, contenidos y\/o servicios existentes en los portales enlazados.<\/p>\n\n\n\n<p>7. DERECHOS DE PROPIEDAD INDUSTRIAL E INTELECTUAL<br>Todas las im\u00e1genes, informaciones, mensajes, gr\u00e1ficos, dibujos, archivos de sonido y\/o imagen, fotograf\u00edas, grabaciones, textos, v\u00eddeos u otros que se contengan o se pudieran contener en la p\u00e1gina Web de\u00a0POKEHITS\u00a0est\u00e1n protegidos por los correspondientes derechos de autor, ya sean de\u00a0POKEHITS\u00a0o de terceros. Siendo de aplicaci\u00f3n lo dispuesto en Texto Refundido de la Ley de Propiedad Intelectual 1\/1996, de 12 de abril.<\/p>\n\n\n\n<p>Todos los nombres comerciales, marcas o signos distintivos, logotipos, s\u00edmbolos, marcas mixtas, figurativas o denominativas que aparecen en la p\u00e1gina Web de\u00a0POKEHITS\u00a0pertenecen a\u00a0\u00e9sta\u00a0o a sus representantes legales, o disponen previa autorizaci\u00f3n, del derecho de uso sobre las mismas por parte de los terceros interesados, estando todos ellos protegidos por la legislaci\u00f3n vigente en esta materia.<\/p>\n\n\n\n<p>POKEHITS\u00a0no concede licencia de uso o autorizaci\u00f3n alguna sobre sus derechos de propiedad industrial e intelectual o sobre cualquier otra propiedad o derecho relacionado con\u00a0su p\u00e1gina Web, productos, marcas, im\u00e1genes, etc., salvo acuerdo expreso con terceros. Los Usuarios podr\u00e1n llevar a cabo la reproducci\u00f3n de los contenidos de la Web, con el \u00fanico fin de proceder a su almacenamiento, a la realizaci\u00f3n de copias de seguridad o a su impresi\u00f3n sobre papel para uso privado o dom\u00e9stico.<\/p>\n\n\n\n<p>Al margen de lo anterior y en virtud de lo expuesto por el Texto Refundido de la Ley de Propiedad Intelectual 1\/1996, de 12 de abril, queda expresamente prohibida la reproducci\u00f3n, distribuci\u00f3n, comunicaci\u00f3n p\u00fablica y transformaci\u00f3n de la totalidad o parte de los contenidos de este p\u00e1gina Web, con fines comerciales, en cualquier soporte y por cualquier medio t\u00e9cnico, sin la autorizaci\u00f3n escrita de los autores de dichos contenidos.<\/p>\n\n\n\n<p>El incumplimiento de lo anterior, facultar\u00e1 a\u00a0POKEHITS\u00a0para interponer las acciones legales pertinentes.<br>En ning\u00fan caso,\u00a0POKEHITS\u00a0ser\u00e1 responsable de las posibles infracciones que en materia de Propiedad Industrial e Intelectual pudiera cometer cualquier Usuario sobre las obras, dise\u00f1os, marcas, modelos de utilidad, patentes, etc. incorporadas en la Web.<\/p>\n\n\n\n<p>8. NEWSLETTER<\/p>\n\n\n\n<p>En\u00a0POKEHITS no creemos en el SPAM, por lo que todas las comunicaciones que enviemos a nuestros Clientes, estar\u00e1n sujetas a su previa aceptaci\u00f3n.<br>El Usuario podr\u00e1 solicitar el env\u00edo de nuestra\u00a0Newsletter\u00a0bien en el momento en que se registre en nuestra Web clicando en la casilla correspondiente, o bien accediendo al apartado denominado \u201cNewsletter\u201d donde, cumplimentando el formulario manifestar\u00e1 su voluntad de recibir el Bolet\u00edn a su correo electr\u00f3nico.<\/p>\n\n\n\n<p>En el momento en que el Usuario se registre deber\u00e1 aceptar nuestra Pol\u00edtica de Privacidad.<\/p>\n\n\n\n<p>En la&nbsp;Newsletter&nbsp;informaremos a nuestros clientes de nuestras promociones, novedades y dem\u00e1s informaci\u00f3n que pudiera ser de inter\u00e9s. Podr\u00e1s darte de baja en cualquier momento.<br>La forma de darse de baja es muy sencilla: Puedes enviarnos un correo electr\u00f3nico a la direcci\u00f3n&nbsp;planethobbytcg@gmail.com&nbsp;con el asunto \u201cBaja&nbsp;newsletter\u201d.<\/p>\n\n\n\n<p>Otra forma para tramitar la baja, ser\u00e1 solicitar la misma directamente desde la&nbsp;Newsletter&nbsp;que se reciba en el correo electr\u00f3nico, haciendo uso de la opci\u00f3n \u201cunsuscribe\u201d.<\/p>\n\n\n\n<p>9. LEY APLICABLE Y JURISDICCI\u00d3N<br>La ley aplicable en caso de disputa o conflicto de interpretaci\u00f3n de los t\u00e9rminos que conforman el presente texto as\u00ed como de cualquier otro texto albergado en nuestra Web o cualquier otra cuesti\u00f3n relacionada con los productos, servicios y\/o contenidos albergados en la presente p\u00e1gina Web ser\u00e1 la ley espa\u00f1ola.<\/p>\n","protected":false},"excerpt":{"rendered":"<p>Bienvenidos a la p\u00e1gina web\u00a0oficial de POKEHITS, d\u00f3nde podr\u00e1s\u00a0adquirir una de sus piezas directamente o realizar un encargo personalizado. Te recomendamos que cada vez que nos visites revises las Condiciones de compra, devoluciones y env\u00edos ya que nos reservamos el derecho de introducir cuantos cambios y modificaciones estimemos oportunos para mejorar vuestra experiencia de compra [&hellip;]<\/p>\n","protected":false},"author":1,"featured_media":0,"parent":0,"menu_order":0,"comment_status":"closed","ping_status":"closed","template":"","meta":{"_monsterinsights_skip_tracking":false,"_monsterinsights_sitenote_active":false,"_monsterinsights_sitenote_note":"","_monsterinsights_sitenote_category":0,"_joinchat":[],"footnotes":""},"class_list":["post-1324","page","type-page","status-publish","hentry"],"blocksy_meta":[],"featured_image_urls_v2":{"full":"","thumbnail":"","medium":"","medium_large":"","large":"","1536x1536":"","2048x2048":"","woocommerce_archive_thumbnail":"","woocommerce_thumbnail":"","woocommerce_single":"","woocommerce_gallery_thumbnail":""},"post_excerpt_stackable_v2":"<p>Bienvenidos a la p\u00e1gina web\u00a0oficial de POKEHITS, d\u00f3nde podr\u00e1s\u00a0adquirir una de sus piezas directamente o realizar un encargo personalizado. Te recomendamos que cada vez que nos visites revises las Condiciones de compra, devoluciones y env\u00edos ya que nos reservamos el derecho de introducir cuantos cambios y modificaciones estimemos oportunos para mejorar vuestra experiencia de compra online. 2. TITULARIDAD DE LA P\u00c1GINA WEBEn cumplimiento del deber de informaci\u00f3n recogido en el art\u00edculo 10 de la Ley 34\/2002, de 11 de julio de Servicios de la Sociedad de la Informaci\u00f3n y del Comercio Electr\u00f3nico, a continuaci\u00f3n se reflejan los siguientes datos: POKEHITS:&hellip;<\/p>\n","category_list_v2":"","author_info_v2":{"name":"planethobbytcg@gmail.com","url":"https:\/\/pokehits.es\/?author=1"},"comments_num_v2":"0 comentarios","_links":{"self":[{"href":"https:\/\/pokehits.es\/index.php?rest_route=\/wp\/v2\/pages\/1324","targetHints":{"allow":["GET"]}}],"collection":[{"href":"https:\/\/pokehits.es\/index.php?rest_route=\/wp\/v2\/pages"}],"about":[{"href":"https:\/\/pokehits.es\/index.php?rest_route=\/wp\/v2\/types\/page"}],"author":[{"embeddable":true,"href":"https:\/\/pokehits.es\/index.php?rest_route=\/wp\/v2\/users\/1"}],"replies":[{"embeddable":true,"href":"https:\/\/pokehits.es\/index.php?rest_route=%2Fwp%2Fv2%2Fcomments&post=1324"}],"version-history":[{"count":3,"href":"https:\/\/pokehits.es\/index.php?rest_route=\/wp\/v2\/pages\/1324\/revisions"}],"predecessor-version":[{"id":2707,"href":"https:\/\/pokehits.es\/index.php?rest_route=\/wp\/v2\/pages\/1324\/revisions\/2707"}],"wp:attachment":[{"href":"https:\/\/pokehits.es\/index.php?rest_route=%2Fwp%2Fv2%2Fmedia&parent=1324"}],"curies":[{"name":"wp","href":"https:\/\/api.w.org\/{rel}","templated":true}]}}